{"id":12,"date":"2020-11-16T14:33:46","date_gmt":"2020-11-16T13:33:46","guid":{"rendered":"http:\/\/manine-design.com\/?page_id=12"},"modified":"2026-04-17T13:00:02","modified_gmt":"2026-04-17T11:00:02","slug":"histoire","status":"publish","type":"page","link":"https:\/\/www.manine-design.com\/histoire\/","title":{"rendered":"Histoire"},"content":{"rendered":"\t\t<div data-elementor-type=\"wp-page\" data-elementor-id=\"12\" class=\"elementor elementor-12\" data-elementor-post-type=\"page\">\n\t\t\t\t<div class=\"elementor-element elementor-element-3f6e1a5 e-flex e-con-boxed e-con e-parent\" data-id=\"3f6e1a5\" data-element_type=\"container\" data-e-type=\"container\">\n\t\t\t\t\t<div class=\"e-con-inner\">\n\t\t\t\t<div class=\"elementor-element elementor-element-e19048c elementor-widget elementor-widget-heading\" data-id=\"e19048c\" data-element_type=\"widget\" data-e-type=\"widget\" data-widget_type=\"heading.default\">\n\t\t\t\t\t<h1 class=\"elementor-heading-title elementor-size-default\">Histoire<\/h1>\t\t\t\t<\/div>\n\t\t\t\t\t<\/div>\n\t\t\t\t<\/div>\n\t\t<div class=\"elementor-element elementor-element-d64e73f e-flex e-con-boxed e-con e-parent\" data-id=\"d64e73f\" data-element_type=\"container\" data-e-type=\"container\" data-settings=\"{&quot;background_background&quot;:&quot;classic&quot;}\">\n\t\t\t\t\t<div class=\"e-con-inner\">\n\t\t\t\t\t<\/div>\n\t\t\t\t<\/div>\n\t\t<div class=\"elementor-element elementor-element-8cb378c e-flex e-con-boxed e-con e-parent\" data-id=\"8cb378c\" data-element_type=\"container\" data-e-type=\"container\">\n\t\t\t\t\t<div class=\"e-con-inner\">\n\t\t\t\t<div class=\"elementor-element elementor-element-99235db elementor-widget elementor-widget-text-editor\" data-id=\"99235db\" data-element_type=\"widget\" data-e-type=\"widget\" data-widget_type=\"text-editor.default\">\n\t\t\t\t\t\t\t\t\t<p style=\"text-align: center;\" data-start=\"270\" data-end=\"306\">MANINE est n\u00e9e d\u2019un regard attentif.<\/p><p style=\"text-align: center;\" data-start=\"308\" data-end=\"571\">Celui de Catherine Scotto, restauratrice du patrimoine et sp\u00e9cialiste en peintures sur chevalet. Depuis plus de vingt ans, elle travaille au contact des \u0153uvres anciennes et contemporaines, observant les mati\u00e8res, les strates, la lumi\u00e8re et l\u2019\u00e9quilibre des formes.<\/p><p style=\"text-align: center;\" data-start=\"573\" data-end=\"687\">Cr\u00e9er un bijou s\u2019est impos\u00e9 naturellement.<br data-start=\"615\" data-end=\"618\" \/>Une passion pr\u00e9sente depuis l\u2019adolescence, un geste intime, constant.<\/p><p style=\"text-align: center;\" data-start=\"689\" data-end=\"848\">Le bijou sans fermoir devient une \u00e9vidence :<br data-start=\"733\" data-end=\"736\" \/>un bijou libre, fluide, qui accompagne le mouvement sans contrainte.<br data-start=\"804\" data-end=\"807\" \/>Un bijou mixte, pens\u00e9 dans la simplicit\u00e9.<\/p><p style=\"text-align: center;\" data-start=\"850\" data-end=\"992\">Les lignes sont \u00e9pur\u00e9es.<br data-start=\"874\" data-end=\"877\" \/>La couleur est choisie avec justesse.<br data-start=\"914\" data-end=\"917\" \/>L\u2019architecture, par sa rigueur graphique et son rythme, inspire les formes.<\/p><p style=\"text-align: center;\" data-start=\"994\" data-end=\"1076\">Chaque pi\u00e8ce est con\u00e7ue et fabriqu\u00e9e dans le Sud de la France, en s\u00e9ries mesur\u00e9es.<\/p><p style=\"text-align: center;\" data-start=\"1078\" data-end=\"1165\">MANINE privil\u00e9gie l\u2019\u00e9quilibre plut\u00f4t que l\u2019effet.<br data-start=\"1127\" data-end=\"1130\" \/>La subtilit\u00e9 plut\u00f4t que l\u2019\u00e9vidence.<\/p><p style=\"text-align: center;\" data-start=\"1167\" data-end=\"1208\">Un bijou \u00e0 d\u00e9couvrir, \u00e0 porter, \u00e0 garder.<\/p>\t\t\t\t\t\t\t\t<\/div>\n\t\t\t\t\t<\/div>\n\t\t\t\t<\/div>\n\t\t<div class=\"elementor-element elementor-element-d632bd5 e-flex e-con-boxed e-con e-parent\" data-id=\"d632bd5\" data-element_type=\"container\" data-e-type=\"container\">\n\t\t\t\t\t<div class=\"e-con-inner\">\n\t\t<div class=\"elementor-element elementor-element-6caaf63 e-con-full e-flex e-con e-child\" data-id=\"6caaf63\" data-element_type=\"container\" data-e-type=\"container\">\n\t\t\t\t<div class=\"elementor-element elementor-element-4698d8c elementor-blockquote--skin-quotation elementor-widget elementor-widget-blockquote\" data-id=\"4698d8c\" data-element_type=\"widget\" data-e-type=\"widget\" data-widget_type=\"blockquote.default\">\n\t\t\t\t\t\t\t<blockquote class=\"elementor-blockquote\">\n\t\t\t<p class=\"elementor-blockquote__content\">\n\t\t\t\t\"Gilles Jonemann, cr\u00e9ateur de bijoux parmi les plus innovants et les plus singuliers de la bijouterie contemporaine, m\u2019a incit\u00e9e \u00e0 mettre mon savoir faire au service d\u2019une pens\u00e9e cr\u00e9atrice, d\u2019une force de propositions nouvelles.\n\n\nJe souhaite, d\u00e9sormais, partager mon attirance pour le bijou qui invite femmes et hommes qui le portent \u00e0 se sentir bien, \u00e0 le faire sien aux diff\u00e9rents moments de la journ\u00e9e, \u00e0 se l\u2019approprier avec l\u00e9g\u00e8ret\u00e9 et facilit\u00e9, \u00e0 le vivre naturellement.\"\n\t\t\t<\/p>\n\t\t\t\t\t\t\t<div class=\"e-q-footer\">\n\t\t\t\t\t\t\t\t\t\t\t<cite class=\"elementor-blockquote__author\">Catherine Scotto<\/cite>\n\t\t\t\t\t\t\t\t\t\t\t\t\t\t<\/div>\n\t\t\t\t\t<\/blockquote>\n\t\t\t\t\t\t<\/div>\n\t\t\t\t<\/div>\n\t\t\t\t\t<\/div>\n\t\t\t\t<\/div>\n\t\t<div class=\"elementor-element elementor-element-5534a76 e-flex e-con-boxed e-con e-parent\" data-id=\"5534a76\" data-element_type=\"container\" data-e-type=\"container\">\n\t\t\t\t\t<div class=\"e-con-inner\">\n\t\t\t\t<div class=\"elementor-element elementor-element-b2e36e3 elementor-widget-divider--view-line elementor-widget elementor-widget-divider\" data-id=\"b2e36e3\" data-element_type=\"widget\" data-e-type=\"widget\" data-widget_type=\"divider.default\">\n\t\t\t\t\t\t\t<div class=\"elementor-divider\">\n\t\t\t<span class=\"elementor-divider-separator\">\n\t\t\t\t\t\t<\/span>\n\t\t<\/div>\n\t\t\t\t\t\t<\/div>\n\t\t\t\t\t<\/div>\n\t\t\t\t<\/div>\n\t\t<div class=\"elementor-element elementor-element-1a716c0 e-flex e-con-boxed e-con e-child\" data-id=\"1a716c0\" data-element_type=\"container\" data-e-type=\"container\" data-settings=\"{&quot;background_background&quot;:&quot;classic&quot;}\">\n\t\t\t\t\t<div class=\"e-con-inner\">\n\t\t\t\t<div class=\"elementor-element elementor-element-8bd9518 elementor-widget elementor-widget-heading\" data-id=\"8bd9518\" data-element_type=\"widget\" data-e-type=\"widget\" data-widget_type=\"heading.default\">\n\t\t\t\t\t<h4 class=\"elementor-heading-title elementor-size-default\">Contactez-nous !<\/h4>\t\t\t\t<\/div>\n\t\t\t\t<div class=\"elementor-element elementor-element-61fc521 e-grid-align-mobile-center elementor-shape-square elementor-grid-0 e-grid-align-center elementor-widget elementor-widget-social-icons\" data-id=\"61fc521\" data-element_type=\"widget\" data-e-type=\"widget\" data-widget_type=\"social-icons.default\">\n\t\t\t\t\t\t\t<div class=\"elementor-social-icons-wrapper elementor-grid\" role=\"list\">\n\t\t\t\t\t\t\t<span class=\"elementor-grid-item\" role=\"listitem\">\n\t\t\t\t\t<a class=\"elementor-icon elementor-social-icon elementor-social-icon-envelope elementor-animation-grow elementor-repeater-item-b189f41\" href=\"mailto:manine.design@gmail.com\" target=\"_blank\">\n\t\t\t\t\t\t<span class=\"elementor-screen-only\">Envelope<\/span>\n\t\t\t\t\t\t<svg aria-hidden=\"true\" class=\"e-font-icon-svg e-fas-envelope\" viewBox=\"0 0 512 512\" xmlns=\"http:\/\/www.w3.org\/2000\/svg\"><path d=\"M502.3 190.8c3.9-3.1 9.7-.2 9.7 4.7V400c0 26.5-21.5 48-48 48H48c-26.5 0-48-21.5-48-48V195.6c0-5 5.7-7.8 9.7-4.7 22.4 17.4 52.1 39.5 154.1 113.6 21.1 15.4 56.7 47.8 92.2 47.6 35.7.3 72-32.8 92.3-47.6 102-74.1 131.6-96.3 154-113.7zM256 320c23.2.4 56.6-29.2 73.4-41.4 132.7-96.3 142.8-104.7 173.4-128.7 5.8-4.5 9.2-11.5 9.2-18.9v-19c0-26.5-21.5-48-48-48H48C21.5 64 0 85.5 0 112v19c0 7.4 3.4 14.3 9.2 18.9 30.6 23.9 40.7 32.4 173.4 128.7 16.8 12.2 50.2 41.8 73.4 41.4z\"><\/path><\/svg>\t\t\t\t\t<\/a>\n\t\t\t\t<\/span>\n\t\t\t\t\t\t\t<span class=\"elementor-grid-item\" role=\"listitem\">\n\t\t\t\t\t<a class=\"elementor-icon elementor-social-icon elementor-social-icon-facebook-f elementor-animation-grow elementor-repeater-item-2ffba9f\" href=\"https:\/\/www.facebook.com\/manine.design\/\" target=\"_blank\">\n\t\t\t\t\t\t<span class=\"elementor-screen-only\">Facebook-f<\/span>\n\t\t\t\t\t\t<svg aria-hidden=\"true\" class=\"e-font-icon-svg e-fab-facebook-f\" viewBox=\"0 0 320 512\" xmlns=\"http:\/\/www.w3.org\/2000\/svg\"><path d=\"M279.14 288l14.22-92.66h-88.91v-60.13c0-25.35 12.42-50.06 52.24-50.06h40.42V6.26S260.43 0 225.36 0c-73.22 0-121.08 44.38-121.08 124.72v70.62H22.89V288h81.39v224h100.17V288z\"><\/path><\/svg>\t\t\t\t\t<\/a>\n\t\t\t\t<\/span>\n\t\t\t\t\t\t\t<span class=\"elementor-grid-item\" role=\"listitem\">\n\t\t\t\t\t<a class=\"elementor-icon elementor-social-icon elementor-social-icon-instagram elementor-animation-grow elementor-repeater-item-ee5d380\" href=\"https:\/\/www.instagram.com\/manine.design\/\" target=\"_blank\">\n\t\t\t\t\t\t<span class=\"elementor-screen-only\">Instagram<\/span>\n\t\t\t\t\t\t<svg aria-hidden=\"true\" class=\"e-font-icon-svg e-fab-instagram\" viewBox=\"0 0 448 512\" xmlns=\"http:\/\/www.w3.org\/2000\/svg\"><path d=\"M224.1 141c-63.6 0-114.9 51.3-114.9 114.9s51.3 114.9 114.9 114.9S339 319.5 339 255.9 287.7 141 224.1 141zm0 189.6c-41.1 0-74.7-33.5-74.7-74.7s33.5-74.7 74.7-74.7 74.7 33.5 74.7 74.7-33.6 74.7-74.7 74.7zm146.4-194.3c0 14.9-12 26.8-26.8 26.8-14.9 0-26.8-12-26.8-26.8s12-26.8 26.8-26.8 26.8 12 26.8 26.8zm76.1 27.2c-1.7-35.9-9.9-67.7-36.2-93.9-26.2-26.2-58-34.4-93.9-36.2-37-2.1-147.9-2.1-184.9 0-35.8 1.7-67.6 9.9-93.9 36.1s-34.4 58-36.2 93.9c-2.1 37-2.1 147.9 0 184.9 1.7 35.9 9.9 67.7 36.2 93.9s58 34.4 93.9 36.2c37 2.1 147.9 2.1 184.9 0 35.9-1.7 67.7-9.9 93.9-36.2 26.2-26.2 34.4-58 36.2-93.9 2.1-37 2.1-147.8 0-184.8zM398.8 388c-7.8 19.6-22.9 34.7-42.6 42.6-29.5 11.7-99.5 9-132.1 9s-102.7 2.6-132.1-9c-19.6-7.8-34.7-22.9-42.6-42.6-11.7-29.5-9-99.5-9-132.1s-2.6-102.7 9-132.1c7.8-19.6 22.9-34.7 42.6-42.6 29.5-11.7 99.5-9 132.1-9s102.7-2.6 132.1 9c19.6 7.8 34.7 22.9 42.6 42.6 11.7 29.5 9 99.5 9 132.1s2.7 102.7-9 132.1z\"><\/path><\/svg>\t\t\t\t\t<\/a>\n\t\t\t\t<\/span>\n\t\t\t\t\t<\/div>\n\t\t\t\t\t\t<\/div>\n\t\t\t\t\t<\/div>\n\t\t\t\t<\/div>\n\t\t<div class=\"elementor-element elementor-element-fbdced6 e-flex e-con-boxed e-con e-parent\" data-id=\"fbdced6\" data-element_type=\"container\" data-e-type=\"container\">\n\t\t\t\t\t<div class=\"e-con-inner\">\n\t\t\t\t<div class=\"elementor-element elementor-element-a8735a2 elementor-widget-divider--view-line elementor-widget elementor-widget-divider\" data-id=\"a8735a2\" data-element_type=\"widget\" data-e-type=\"widget\" data-widget_type=\"divider.default\">\n\t\t\t\t\t\t\t<div class=\"elementor-divider\">\n\t\t\t<span class=\"elementor-divider-separator\">\n\t\t\t\t\t\t<\/span>\n\t\t<\/div>\n\t\t\t\t\t\t<\/div>\n\t\t\t\t\t<\/div>\n\t\t\t\t<\/div>\n\t\t\t\t<\/div>\n\t\t","protected":false},"excerpt":{"rendered":"<p>Histoire MANINE est n\u00e9e d\u2019un regard attentif. Celui de Catherine Scotto, restauratrice du patrimoine et sp\u00e9cialiste en peintures sur chevalet. Depuis plus de vingt ans, elle travaille au contact des \u0153uvres anciennes et contemporaines, observant les mati\u00e8res, les strates, la lumi\u00e8re et l\u2019\u00e9quilibre des formes. Cr\u00e9er un bijou s\u2019est impos\u00e9 naturellement.Une passion pr\u00e9sente depuis l\u2019adolescence, [&hellip;]<\/p>\n","protected":false},"author":1,"featured_media":0,"parent":0,"menu_order":0,"comment_status":"closed","ping_status":"closed","template":"elementor_header_footer","meta":{"_acf_changed":false,"footnotes":""},"class_list":["post-12","page","type-page","status-publish","hentry"],"acf":[],"_links":{"self":[{"href":"https:\/\/www.manine-design.com\/site\/wp-json\/wp\/v2\/pages\/12","targetHints":{"allow":["GET"]}}],"collection":[{"href":"https:\/\/www.manine-design.com\/site\/wp-json\/wp\/v2\/pages"}],"about":[{"href":"https:\/\/www.manine-design.com\/site\/wp-json\/wp\/v2\/types\/page"}],"author":[{"embeddable":true,"href":"https:\/\/www.manine-design.com\/site\/wp-json\/wp\/v2\/users\/1"}],"replies":[{"embeddable":true,"href":"https:\/\/www.manine-design.com\/site\/wp-json\/wp\/v2\/comments?post=12"}],"version-history":[{"count":69,"href":"https:\/\/www.manine-design.com\/site\/wp-json\/wp\/v2\/pages\/12\/revisions"}],"predecessor-version":[{"id":16141,"href":"https:\/\/www.manine-design.com\/site\/wp-json\/wp\/v2\/pages\/12\/revisions\/16141"}],"wp:attachment":[{"href":"https:\/\/www.manine-design.com\/site\/wp-json\/wp\/v2\/media?parent=12"}],"curies":[{"name":"wp","href":"https:\/\/api.w.org\/{rel}","templated":true}]}}