{"id":14874,"date":"2025-10-12T18:01:08","date_gmt":"2025-10-12T16:01:08","guid":{"rendered":"https:\/\/www.manine-design.com\/?post_type=product&#038;p=14874"},"modified":"2025-12-29T15:02:36","modified_gmt":"2025-12-29T14:02:36","slug":"ariane-sautoir-winter-3","status":"publish","type":"product","link":"https:\/\/www.manine-design.com\/produit\/ariane-sautoir-winter-3\/","title":{"rendered":"ARIANE Sautoir &#8211; Winter &#8211; Vert Bronze"},"content":{"rendered":"<p data-start=\"122\" data-end=\"418\">Inspir\u00e9 du fil d\u2019Ariane, ce sautoir allie l\u00e9g\u00e8ret\u00e9, \u00e9l\u00e9gance et douceur hivernale.<\/p>\n<p data-start=\"122\" data-end=\"418\">Ses boules de fourrure, ses touches dor\u00e9es et son jeu de couleurs en font un bijou original, sa conception modulable permet de le porter long ou en double tour, selon vos envies.<\/p>\n<p data-start=\"122\" data-end=\"418\"><strong data-start=\"355\" data-end=\"418\">\u00c9dition tr\u00e8s limit\u00e9e : seulement 2 exemplaires disponibles livr\u00e9s avec un pochon MANINE<\/strong><\/p>\n<h5><b>ELASTIQUE<\/b><\/h5>\n<ul>\n<li>Nylon + caoutchouc disponible en \u00e9pais (diam\u00e8tre 1,5 mm)<\/li>\n<\/ul>\n<h5><b>PIECES METALLIQUES\u00a0<\/b><\/h5>\n<ul>\n<li>Laiton sans nickel, dor\u00e9es \u00e0 l&rsquo;or fin 24 K et prot\u00e9g\u00e9es<\/li>\n<\/ul>\n<h5 data-start=\"122\" data-end=\"418\"><\/h5>\n","protected":false},"excerpt":{"rendered":"<p>Inspir\u00e9 du fil d\u2019Ariane, ce sautoir allie l\u00e9g\u00e8ret\u00e9, \u00e9l\u00e9gance et douceur hivernale. Ses boules de fourrure, ses touches dor\u00e9es et son jeu de couleurs en font un bijou original, sa conception modulable permet de le porter long ou en double tour, selon vos envies. \u00c9dition tr\u00e8s limit\u00e9e : seulement 2 exemplaires disponibles livr\u00e9s avec un [&hellip;]<\/p>\n","protected":false},"featured_media":14846,"template":"","meta":{"_acf_changed":false},"product_brand":[],"product_cat":[25,100,82],"product_tag":[],"class_list":{"0":"post-14874","1":"product","2":"type-product","3":"status-publish","4":"has-post-thumbnail","6":"product_cat-collier","7":"product_cat-nouveautes","8":"product_cat-sautoir","9":"pa_collections-ariane","10":"pa_collections-capsule","12":"first","13":"outofstock","14":"taxable","15":"shipping-taxable","16":"purchasable","17":"product-type-simple"},"acf":[],"_links":{"self":[{"href":"https:\/\/www.manine-design.com\/site\/wp-json\/wp\/v2\/product\/14874","targetHints":{"allow":["GET"]}}],"collection":[{"href":"https:\/\/www.manine-design.com\/site\/wp-json\/wp\/v2\/product"}],"about":[{"href":"https:\/\/www.manine-design.com\/site\/wp-json\/wp\/v2\/types\/product"}],"wp:featuredmedia":[{"embeddable":true,"href":"https:\/\/www.manine-design.com\/site\/wp-json\/wp\/v2\/media\/14846"}],"wp:attachment":[{"href":"https:\/\/www.manine-design.com\/site\/wp-json\/wp\/v2\/media?parent=14874"}],"wp:term":[{"taxonomy":"product_brand","embeddable":true,"href":"https:\/\/www.manine-design.com\/site\/wp-json\/wp\/v2\/product_brand?post=14874"},{"taxonomy":"product_cat","embeddable":true,"href":"https:\/\/www.manine-design.com\/site\/wp-json\/wp\/v2\/product_cat?post=14874"},{"taxonomy":"product_tag","embeddable":true,"href":"https:\/\/www.manine-design.com\/site\/wp-json\/wp\/v2\/product_tag?post=14874"}],"curies":[{"name":"wp","href":"https:\/\/api.w.org\/{rel}","templated":true}]}}