{"id":1586,"date":"2021-04-24T09:47:25","date_gmt":"2021-04-24T07:47:25","guid":{"rendered":"https:\/\/www.manine-design.com\/?post_type=product&#038;p=1586"},"modified":"2026-04-17T13:01:34","modified_gmt":"2026-04-17T11:01:34","slug":"hop-voyage-ete","status":"publish","type":"product","link":"https:\/\/www.manine-design.com\/produit\/hop-voyage-ete\/","title":{"rendered":"HOP &#8211; Voyage \u00c9t\u00e9"},"content":{"rendered":"<p>Et HOP ! \ud83d\ude42 Chaque jour l\u2019enthousiasme autour du cou. Hiver comme \u00e9t\u00e9, hommes ou femmes. Collier solo ou entrem\u00eal\u00e9s avec les variations de couleurs sur l\u2019air du temps&#8230;<br \/>\nLa facilit\u00e9 (plus de fermoir), la simplicit\u00e9 avec \u00e9l\u00e9gance.<\/p>\n<p>Vous ne les quitterez plus \ud83d\ude42<\/p>\n<h5><b>ELASTIQUE<\/b><\/h5>\n<ul>\n<li>Nylon + caoutchouc disponible en \u00e9pais (diam\u00e8tre 4 mm) ou fin (diam\u00e8tre 3 mm)<\/li>\n<\/ul>\n<h5><b>PIECES METALLIQUES\u00a0<\/b><\/h5>\n<ul>\n<li>Laiton sans nickel, dor\u00e9 0.5 micron + vernis<\/li>\n<li>Laiton sans nickel, argent\u00e9 10 micron<\/li>\n<\/ul>\n<p><em>Livr\u00e9 dans une pochette E.V.A Manine<\/em><\/p>\n","protected":false},"excerpt":{"rendered":"<p>Et HOP ! \ud83d\ude42 Chaque jour l\u2019enthousiasme autour du cou. Hiver comme \u00e9t\u00e9, hommes ou femmes. Collier solo ou entrem\u00eal\u00e9s avec les variations de couleurs sur l\u2019air du temps&#8230; La facilit\u00e9 (plus de fermoir), la simplicit\u00e9 avec \u00e9l\u00e9gance. Vous ne les quitterez plus \ud83d\ude42 ELASTIQUE Nylon + caoutchouc disponible en \u00e9pais (diam\u00e8tre 4 mm) ou [&hellip;]<\/p>\n","protected":false},"featured_media":1621,"template":"","meta":{"_acf_changed":false},"product_brand":[],"product_cat":[94,25,50],"product_tag":[],"class_list":{"0":"post-1586","1":"product","2":"type-product","3":"status-publish","4":"has-post-thumbnail","6":"product_cat-voyage","7":"product_cat-collier","8":"product_cat-pack","9":"pa_collections-hop","11":"first","12":"instock","13":"taxable","14":"shipping-taxable","15":"purchasable","16":"product-type-variable"},"acf":[],"_links":{"self":[{"href":"https:\/\/www.manine-design.com\/site\/wp-json\/wp\/v2\/product\/1586","targetHints":{"allow":["GET"]}}],"collection":[{"href":"https:\/\/www.manine-design.com\/site\/wp-json\/wp\/v2\/product"}],"about":[{"href":"https:\/\/www.manine-design.com\/site\/wp-json\/wp\/v2\/types\/product"}],"wp:featuredmedia":[{"embeddable":true,"href":"https:\/\/www.manine-design.com\/site\/wp-json\/wp\/v2\/media\/1621"}],"wp:attachment":[{"href":"https:\/\/www.manine-design.com\/site\/wp-json\/wp\/v2\/media?parent=1586"}],"wp:term":[{"taxonomy":"product_brand","embeddable":true,"href":"https:\/\/www.manine-design.com\/site\/wp-json\/wp\/v2\/product_brand?post=1586"},{"taxonomy":"product_cat","embeddable":true,"href":"https:\/\/www.manine-design.com\/site\/wp-json\/wp\/v2\/product_cat?post=1586"},{"taxonomy":"product_tag","embeddable":true,"href":"https:\/\/www.manine-design.com\/site\/wp-json\/wp\/v2\/product_tag?post=1586"}],"curies":[{"name":"wp","href":"https:\/\/api.w.org\/{rel}","templated":true}]}}