{"id":2903,"date":"2022-04-03T09:54:33","date_gmt":"2022-04-03T07:54:33","guid":{"rendered":"https:\/\/www.manine-design.com\/?post_type=product&#038;p=2903"},"modified":"2026-04-17T13:01:29","modified_gmt":"2026-04-17T11:01:29","slug":"hop-bracelet-diams","status":"publish","type":"product","link":"https:\/\/www.manine-design.com\/produit\/hop-bracelet-diams\/","title":{"rendered":"HOP Bracelet &#8211; Diam&rsquo;s"},"content":{"rendered":"<p>Tout se qui brille n\u2019est pas de l\u2019or ou des diamants :)\u2026<br \/>\nPour autant, l\u2019effet est au rendez vous avec un \u00e9lastique recycl\u00e9 en version dor\u00e9, argent\u00e9 ou dor\u00e9 ros\u00e9, des pi\u00e8ces m\u00e9talliques et une m\u00e9daille qui arbore le \u00ab M \u00bb\u00a0 de MANINE.<\/p>\n<p>Un bijou terriblement sexy, un best seller assur\u00e9ment \ud83d\ude42<\/p>\n<h5><b>ELASTIQUE<\/b><\/h5>\n<ul>\n<li>Nylon + caoutchouc<\/li>\n<\/ul>\n<h5><b>PIECES METALLIQUES\u00a0<\/b><\/h5>\n<ul>\n<li>Laiton garanti sans nickel, dor\u00e9 0.5 micron + vernis protecteur<\/li>\n<li>Laiton garanti sans nickel, argent\u00e9 10 micron<\/li>\n<\/ul>\n<p><em><span lang=\"FR\">Livre\u0301<\/span> dans une boite \u00ab\u00a0MANINE\u00a0\u00bb en papier \u00e9co-responsable<\/em><\/p>\n","protected":false},"excerpt":{"rendered":"<p>Tout se qui brille n\u2019est pas de l\u2019or ou des diamants :)\u2026 Pour autant, l\u2019effet est au rendez vous avec un \u00e9lastique recycl\u00e9 en version dor\u00e9, argent\u00e9 ou dor\u00e9 ros\u00e9, des pi\u00e8ces m\u00e9talliques et une m\u00e9daille qui arbore le \u00ab M \u00bb\u00a0 de MANINE. Un bijou terriblement sexy, un best seller assur\u00e9ment \ud83d\ude42 ELASTIQUE Nylon [&hellip;]<\/p>\n","protected":false},"featured_media":15194,"template":"","meta":{"_acf_changed":false},"product_brand":[],"product_cat":[26,101],"product_tag":[],"class_list":{"0":"post-2903","1":"product","2":"type-product","3":"status-publish","4":"has-post-thumbnail","6":"product_cat-bracelet","7":"product_cat-bracelet-epais","8":"pa_collections-hop","10":"first","11":"instock","12":"featured","13":"taxable","14":"shipping-taxable","15":"purchasable","16":"product-type-variable","17":"has-default-attributes"},"acf":[],"_links":{"self":[{"href":"https:\/\/www.manine-design.com\/site\/wp-json\/wp\/v2\/product\/2903","targetHints":{"allow":["GET"]}}],"collection":[{"href":"https:\/\/www.manine-design.com\/site\/wp-json\/wp\/v2\/product"}],"about":[{"href":"https:\/\/www.manine-design.com\/site\/wp-json\/wp\/v2\/types\/product"}],"wp:featuredmedia":[{"embeddable":true,"href":"https:\/\/www.manine-design.com\/site\/wp-json\/wp\/v2\/media\/15194"}],"wp:attachment":[{"href":"https:\/\/www.manine-design.com\/site\/wp-json\/wp\/v2\/media?parent=2903"}],"wp:term":[{"taxonomy":"product_brand","embeddable":true,"href":"https:\/\/www.manine-design.com\/site\/wp-json\/wp\/v2\/product_brand?post=2903"},{"taxonomy":"product_cat","embeddable":true,"href":"https:\/\/www.manine-design.com\/site\/wp-json\/wp\/v2\/product_cat?post=2903"},{"taxonomy":"product_tag","embeddable":true,"href":"https:\/\/www.manine-design.com\/site\/wp-json\/wp\/v2\/product_tag?post=2903"}],"curies":[{"name":"wp","href":"https:\/\/api.w.org\/{rel}","templated":true}]}}