{"id":2904,"date":"2022-04-03T09:54:34","date_gmt":"2022-04-03T07:54:34","guid":{"rendered":"https:\/\/www.manine-design.com\/?post_type=product&#038;p=2904"},"modified":"2025-12-29T15:04:31","modified_gmt":"2025-12-29T14:04:31","slug":"hop-collier-diams","status":"publish","type":"product","link":"https:\/\/www.manine-design.com\/produit\/hop-collier-diams\/","title":{"rendered":"HOP Collier \u2013 Diam\u2019s"},"content":{"rendered":"<p>Tout se qui brille n\u2019est pas de l\u2019or ou des diamants :)\u2026<br \/>\nPour autant, l\u2019effet est au rendez vous avec un \u00e9lastique recycl\u00e9 dor\u00e9, argent\u00e9 ou dor\u00e9 ros\u00e9, des pi\u00e8ces m\u00e9talliques et pour parfaire le tout une m\u00e9daille qui arbore le \u00ab M \u00bb\u00a0 de MANINE.<\/p>\n<p>Un bijou tr\u00e8s f\u00e9minin, tout lui va sophistiqu\u00e9 ou d\u00e9contract\u00e9 \ud83d\ude42<\/p>\n<p>Ne pas h\u00e9siter \u00e0 prendre une taille au dessus.<\/p>\n<h5><b>ELASTIQUE<\/b><\/h5>\n<ul>\n<li>Syldorex recycl\u00e9 + caoutchouc<\/li>\n<\/ul>\n<h5><b>PIECES METALLIQUES\u00a0<\/b><\/h5>\n<ul>\n<li>Laiton garanti sans nickel, dor\u00e9 0.5 micron + vernis protecteur<\/li>\n<li>Laiton garanti sans nickel, argent\u00e9 10 micron<\/li>\n<\/ul>\n<p><em><span lang=\"FR\">Livre\u0301<\/span> dans une boite \u00ab\u00a0MANINE\u00a0\u00bb en papier \u00e9co-responsable<\/em><\/p>\n","protected":false},"excerpt":{"rendered":"<p>Tout se qui brille n\u2019est pas de l\u2019or ou des diamants :)\u2026 Pour autant, l\u2019effet est au rendez vous avec un \u00e9lastique recycl\u00e9 dor\u00e9, argent\u00e9 ou dor\u00e9 ros\u00e9, des pi\u00e8ces m\u00e9talliques et pour parfaire le tout une m\u00e9daille qui arbore le \u00ab M \u00bb\u00a0 de MANINE. Un bijou tr\u00e8s f\u00e9minin, tout lui va sophistiqu\u00e9 ou [&hellip;]<\/p>\n","protected":false},"featured_media":7535,"template":"","meta":{"_acf_changed":false,"inline_featured_image":false},"product_brand":[],"product_cat":[25,85],"product_tag":[],"class_list":{"0":"post-2904","1":"product","2":"type-product","3":"status-publish","4":"has-post-thumbnail","6":"product_cat-collier","7":"product_cat-collier-epais","8":"pa_collections-hop","10":"first","11":"instock","12":"featured","13":"taxable","14":"shipping-taxable","15":"purchasable","16":"product-type-variable","17":"has-default-attributes"},"acf":[],"_links":{"self":[{"href":"https:\/\/www.manine-design.com\/site\/wp-json\/wp\/v2\/product\/2904","targetHints":{"allow":["GET"]}}],"collection":[{"href":"https:\/\/www.manine-design.com\/site\/wp-json\/wp\/v2\/product"}],"about":[{"href":"https:\/\/www.manine-design.com\/site\/wp-json\/wp\/v2\/types\/product"}],"wp:featuredmedia":[{"embeddable":true,"href":"https:\/\/www.manine-design.com\/site\/wp-json\/wp\/v2\/media\/7535"}],"wp:attachment":[{"href":"https:\/\/www.manine-design.com\/site\/wp-json\/wp\/v2\/media?parent=2904"}],"wp:term":[{"taxonomy":"product_brand","embeddable":true,"href":"https:\/\/www.manine-design.com\/site\/wp-json\/wp\/v2\/product_brand?post=2904"},{"taxonomy":"product_cat","embeddable":true,"href":"https:\/\/www.manine-design.com\/site\/wp-json\/wp\/v2\/product_cat?post=2904"},{"taxonomy":"product_tag","embeddable":true,"href":"https:\/\/www.manine-design.com\/site\/wp-json\/wp\/v2\/product_tag?post=2904"}],"curies":[{"name":"wp","href":"https:\/\/api.w.org\/{rel}","templated":true}]}}