{"id":3226,"date":"2022-06-02T17:51:58","date_gmt":"2022-06-02T15:51:58","guid":{"rendered":"https:\/\/www.manine-design.com\/?post_type=product&#038;p=3226"},"modified":"2025-12-29T15:07:50","modified_gmt":"2025-12-29T14:07:50","slug":"rondo-boucles-doreilles-diams","status":"publish","type":"product","link":"https:\/\/www.manine-design.com\/produit\/rondo-boucles-doreilles-diams\/","title":{"rendered":"RONDO Boucles d&rsquo;oreilles \u2013 Diam&rsquo;s"},"content":{"rendered":"<div>Les boucles d\u2019oreilles en \u00e9lastique Syldorex recycl\u00e9 Rondo MANINE, se r\u00e9v\u00e8lent encore plus quand elles sont port\u00e9es.<\/div>\n<div>Par leur effet m\u00e9tallique, elles illuminent votre visage et par leur l\u00e9g\u00e8ret\u00e9 elles se font oublier \ud83d\ude42<\/div>\n<div>\u00c0 la fois chic et singuli\u00e8re vous pourrez les porter en toutes circonstances.<\/div>\n<div>Vous pouvez les assortir du collier ou du sautoir Diam&rsquo;s pour effet glamour \ud83d\ude42<\/div>\n<div><\/div>\n<div>Vous allez adorer\u2026 \ud83d\ude42<\/div>\n<div><\/div>\n<div>\n<h5><b>ELASTIQUE<\/b><\/h5>\n<ul>\n<li>\u00a0Syldorex+ caoutchouc<\/li>\n<\/ul>\n<h5><b>PIECES METALLIQUES\u00a0<\/b><\/h5>\n<ul>\n<li>Laiton sans nickel, dor\u00e9 0.5 micron + vernis<\/li>\n<li>Laiton sans nickel, argent\u00e9 10 micron<\/li>\n<\/ul>\n<p><em><span lang=\"FR\">Livre\u0301<\/span> dans une boite \u00ab\u00a0MANINE\u00a0\u00bb en papier \u00e9co-responsable<\/em><\/p>\n<\/div>\n","protected":false},"excerpt":{"rendered":"<p>Les boucles d\u2019oreilles en \u00e9lastique Syldorex recycl\u00e9 Rondo MANINE, se r\u00e9v\u00e8lent encore plus quand elles sont port\u00e9es. Par leur effet m\u00e9tallique, elles illuminent votre visage et par leur l\u00e9g\u00e8ret\u00e9 elles se font oublier \ud83d\ude42 \u00c0 la fois chic et singuli\u00e8re vous pourrez les porter en toutes circonstances. Vous pouvez les assortir du collier ou du [&hellip;]<\/p>\n","protected":false},"featured_media":7638,"template":"","meta":{"_acf_changed":false,"inline_featured_image":false},"product_brand":[],"product_cat":[115],"product_tag":[],"class_list":{"0":"post-3226","1":"product","2":"type-product","3":"status-publish","4":"has-post-thumbnail","6":"product_cat-boucles-oreilles","7":"pa_collections-rondo","9":"first","10":"instock","11":"taxable","12":"shipping-taxable","13":"purchasable","14":"product-type-variable"},"acf":[],"_links":{"self":[{"href":"https:\/\/www.manine-design.com\/site\/wp-json\/wp\/v2\/product\/3226","targetHints":{"allow":["GET"]}}],"collection":[{"href":"https:\/\/www.manine-design.com\/site\/wp-json\/wp\/v2\/product"}],"about":[{"href":"https:\/\/www.manine-design.com\/site\/wp-json\/wp\/v2\/types\/product"}],"wp:featuredmedia":[{"embeddable":true,"href":"https:\/\/www.manine-design.com\/site\/wp-json\/wp\/v2\/media\/7638"}],"wp:attachment":[{"href":"https:\/\/www.manine-design.com\/site\/wp-json\/wp\/v2\/media?parent=3226"}],"wp:term":[{"taxonomy":"product_brand","embeddable":true,"href":"https:\/\/www.manine-design.com\/site\/wp-json\/wp\/v2\/product_brand?post=3226"},{"taxonomy":"product_cat","embeddable":true,"href":"https:\/\/www.manine-design.com\/site\/wp-json\/wp\/v2\/product_cat?post=3226"},{"taxonomy":"product_tag","embeddable":true,"href":"https:\/\/www.manine-design.com\/site\/wp-json\/wp\/v2\/product_tag?post=3226"}],"curies":[{"name":"wp","href":"https:\/\/api.w.org\/{rel}","templated":true}]}}