{"id":3296,"date":"2022-06-25T09:51:03","date_gmt":"2022-06-25T07:51:03","guid":{"rendered":"https:\/\/www.manine-design.com\/?post_type=product&#038;p=3296"},"modified":"2026-04-04T17:27:29","modified_gmt":"2026-04-04T15:27:29","slug":"hop-bracelet-epais","status":"publish","type":"product","link":"https:\/\/www.manine-design.com\/produit\/hop-bracelet-epais\/","title":{"rendered":"HOP Bracelet \u00e9pais"},"content":{"rendered":"<p data-start=\"171\" data-end=\"426\"><strong data-start=\"171\" data-end=\"183\">Et HOP !<\/strong> \ud83d\ude42<br data-start=\"186\" data-end=\"189\" \/>Chaque jour, l\u2019enthousiasme autour du poignet.<br data-start=\"246\" data-end=\"249\" \/>Hiver comme \u00e9t\u00e9, pour femmes et hommes.<br data-start=\"288\" data-end=\"291\" \/>Gr\u00e2ce \u00e0 son montage sur \u00e9lastique, le bijou s\u2019enfile facilement, s\u2019adapte au corps et accompagne naturellement tous les mouvements.<\/p>\n<p data-start=\"171\" data-end=\"426\">D\u00e9clin\u00e9 dans un large choix de couleurs, \u00e0 porter seul ou \u00e0 entrem\u00ealer selon l\u2019envie, au rythme des saisons et de l\u2019air du temps.<\/p>\n<p data-start=\"563\" data-end=\"668\">La facilit\u00e9 &#8211; <strong data-start=\"577\" data-end=\"593\">sans fermoir<\/strong><br data-start=\"594\" data-end=\"597\" \/>la souplesse &#8211;<strong data-start=\"612\" data-end=\"631\">un bijou vivant<\/strong><\/p>\n<p data-start=\"563\" data-end=\"668\">la simplicit\u00e9, avec \u00e9l\u00e9gance.<\/p>\n<p data-start=\"670\" data-end=\"699\">Vous ne les quitterez plus \ud83d\ude42<\/p>\n<p data-start=\"706\" data-end=\"743\"><strong data-start=\"710\" data-end=\"743\">Choix des tailles \u2013 Bracelets<\/strong><\/p>\n<ul data-start=\"744\" data-end=\"878\">\n<li data-start=\"744\" data-end=\"786\">\n<p data-start=\"746\" data-end=\"786\"><strong data-start=\"746\" data-end=\"751\">S<\/strong> : tr\u00e8s petits poignets \/ enfants<\/p>\n<\/li>\n<li data-start=\"787\" data-end=\"814\">\n<p data-start=\"789\" data-end=\"814\"><strong data-start=\"789\" data-end=\"794\">M<\/strong> : petits poignets<\/p>\n<\/li>\n<li data-start=\"815\" data-end=\"847\">\n<p data-start=\"817\" data-end=\"847\"><strong data-start=\"817\" data-end=\"822\">L<\/strong> : poignets plus larges<\/p>\n<\/li>\n<li data-start=\"848\" data-end=\"878\">\n<p data-start=\"850\" data-end=\"878\"><strong data-start=\"850\" data-end=\"856\">XL<\/strong> : poignets g\u00e9n\u00e9reux<\/p>\n<\/li>\n<\/ul>\n<p data-start=\"885\" data-end=\"911\"><strong data-start=\"889\" data-end=\"911\">D\u00e9tails techniques<\/strong><\/p>\n<p data-start=\"913\" data-end=\"1045\"><strong data-start=\"913\" data-end=\"926\">\u00c9LASTIQUE<\/strong><br data-start=\"926\" data-end=\"929\" \/>Nylon + caoutchouc<br data-start=\"947\" data-end=\"950\" \/>Montage souple et confortable<br data-start=\"979\" data-end=\"982\" \/>Disponible en version <strong data-start=\"1004\" data-end=\"1015\">\u00e9paisse<\/strong> (\u00d8 4 mm) ou <strong data-start=\"1028\" data-end=\"1036\">fine<\/strong> (\u00d8 3 mm)<\/p>\n<p data-start=\"1047\" data-end=\"1153\"><strong data-start=\"1047\" data-end=\"1069\">PI\u00c8CES M\u00c9TALLIQUES<\/strong><br data-start=\"1069\" data-end=\"1072\" \/>Laiton sans nickel<br data-start=\"1090\" data-end=\"1093\" \/>\u2022 Or fin 24 K 0,5 micron + vernis protecteur<br data-start=\"1130\" data-end=\"1133\" \/>\u2022 Argent\u00e9 10 microns<\/p>\n<p data-start=\"1155\" data-end=\"1272\"><strong data-start=\"1155\" data-end=\"1174\">Conditionnement<\/strong><br data-start=\"1174\" data-end=\"1177\" \/>Livr\u00e9 dans un sachet cellophane avec carton de pr\u00e9sentation et instructions d\u2019entretien<\/p>\n<p data-start=\"41\" data-end=\"139\"><strong data-start=\"41\" data-end=\"56\">And HOP! \ud83d\ude42<\/strong><br data-start=\"56\" data-end=\"59\" \/>Every day, enthusiasm around the wrist.<br data-start=\"98\" data-end=\"101\" \/>Winter or summer, for women and men.<\/p>\n<p data-start=\"141\" data-end=\"265\">Thanks to its elastic construction, the jewelry slips on easily, adapts to the body, and naturally follows every movement.<\/p>\n<p data-start=\"267\" data-end=\"404\">Available in a wide range of colors, to be worn alone or intertwined as you wish, in tune with the seasons and the spirit of the times.<\/p>\n<p data-start=\"406\" data-end=\"473\"><strong data-start=\"406\" data-end=\"414\">Ease<\/strong> \u2013 no clasp<br data-start=\"425\" data-end=\"428\" \/><strong data-start=\"428\" data-end=\"443\">Flexibility<\/strong> \u2013 a living piece of jewelry<\/p>\n<p data-start=\"475\" data-end=\"507\"><strong data-start=\"475\" data-end=\"505\">Simplicity, with elegance.<\/strong><\/p>\n<p data-start=\"509\" data-end=\"540\">You\u2019ll never take them off \ud83d\ude42<\/p>\n<p data-start=\"547\" data-end=\"577\"><strong data-start=\"551\" data-end=\"577\">Size Guide \u2013 Bracelets<\/strong><\/p>\n<p data-start=\"579\" data-end=\"687\"><strong data-start=\"579\" data-end=\"584\">S<\/strong>: very small wrists \/ children<br data-start=\"614\" data-end=\"617\" \/><strong data-start=\"617\" data-end=\"622\">M<\/strong>: small wrists<br data-start=\"636\" data-end=\"639\" \/><strong data-start=\"639\" data-end=\"644\">L<\/strong>: larger wrists<br data-start=\"659\" data-end=\"662\" \/><strong data-start=\"662\" data-end=\"668\">XL<\/strong>: generous wrists<\/p>\n<p data-start=\"694\" data-end=\"719\"><strong data-start=\"698\" data-end=\"719\">Technical Details<\/strong><\/p>\n<p data-start=\"721\" data-end=\"843\"><strong data-start=\"721\" data-end=\"732\">ELASTIC<\/strong><br data-start=\"732\" data-end=\"735\" \/>Nylon + rubber<br data-start=\"749\" data-end=\"752\" \/>Flexible and comfortable assembly<br data-start=\"785\" data-end=\"788\" \/>Available in thick (\u00d8 4 mm) or fine (\u00d8 3 mm) versions<\/p>\n<p data-start=\"845\" data-end=\"964\"><strong data-start=\"845\" data-end=\"865\">METAL COMPONENTS<\/strong><br data-start=\"865\" data-end=\"868\" \/>Nickel-free brass<br data-start=\"885\" data-end=\"888\" \/>\u2022 24K fine gold plating \u2013 0.5 micron thickness, with protective varnish<\/p>\n<p data-start=\"845\" data-end=\"964\">\u2022 Silver-plated 10 microns<\/p>\n<p data-start=\"971\" data-end=\"988\"><strong data-start=\"975\" data-end=\"988\">Packaging<\/strong><\/p>\n<p data-start=\"990\" data-end=\"1068\">Delivered in a cellophane bag with a presentation card and care instructions<\/p>\n<p>&nbsp;<\/p>\n<p>&nbsp;<\/p>\n","protected":false},"excerpt":{"rendered":"<p>Et HOP ! \ud83d\ude42Chaque jour, l\u2019enthousiasme autour du poignet.Hiver comme \u00e9t\u00e9, pour femmes et hommes.Gr\u00e2ce \u00e0 son montage sur \u00e9lastique, le bijou s\u2019enfile facilement, s\u2019adapte au corps et accompagne naturellement tous les mouvements. D\u00e9clin\u00e9 dans un large choix de couleurs, \u00e0 porter seul ou \u00e0 entrem\u00ealer selon l\u2019envie, au rythme des saisons et de l\u2019air [&hellip;]<\/p>\n","protected":false},"featured_media":15358,"template":"","meta":{"_acf_changed":false,"inline_featured_image":false},"product_brand":[],"product_cat":[26,101],"product_tag":[],"class_list":{"0":"post-3296","1":"product","2":"type-product","3":"status-publish","4":"has-post-thumbnail","6":"product_cat-bracelet","7":"product_cat-bracelet-epais","8":"pa_collections-hop","10":"first","11":"instock","12":"taxable","13":"shipping-taxable","14":"purchasable","15":"product-type-variable","16":"has-default-attributes"},"acf":[],"_links":{"self":[{"href":"https:\/\/www.manine-design.com\/site\/wp-json\/wp\/v2\/product\/3296","targetHints":{"allow":["GET"]}}],"collection":[{"href":"https:\/\/www.manine-design.com\/site\/wp-json\/wp\/v2\/product"}],"about":[{"href":"https:\/\/www.manine-design.com\/site\/wp-json\/wp\/v2\/types\/product"}],"wp:featuredmedia":[{"embeddable":true,"href":"https:\/\/www.manine-design.com\/site\/wp-json\/wp\/v2\/media\/15358"}],"wp:attachment":[{"href":"https:\/\/www.manine-design.com\/site\/wp-json\/wp\/v2\/media?parent=3296"}],"wp:term":[{"taxonomy":"product_brand","embeddable":true,"href":"https:\/\/www.manine-design.com\/site\/wp-json\/wp\/v2\/product_brand?post=3296"},{"taxonomy":"product_cat","embeddable":true,"href":"https:\/\/www.manine-design.com\/site\/wp-json\/wp\/v2\/product_cat?post=3296"},{"taxonomy":"product_tag","embeddable":true,"href":"https:\/\/www.manine-design.com\/site\/wp-json\/wp\/v2\/product_tag?post=3296"}],"curies":[{"name":"wp","href":"https:\/\/api.w.org\/{rel}","templated":true}]}}