{"id":3974,"date":"2022-08-21T12:46:27","date_gmt":"2022-08-21T10:46:27","guid":{"rendered":"https:\/\/www.manine-design.com\/?post_type=product&#038;p=3974"},"modified":"2026-03-08T10:08:37","modified_gmt":"2026-03-08T09:08:37","slug":"rondo-collier","status":"publish","type":"product","link":"https:\/\/www.manine-design.com\/produit\/rondo-collier\/","title":{"rendered":"RONDO Collier"},"content":{"rendered":"<p>Le RONDO est un bijou avec des maillons de grande taille qui \u00e9voquent les bijoux des ann\u00e9es 80.<br \/>\nRevisit\u00e9, alternant le m\u00e9tal et la couleur, il conserve son c\u00f4t\u00e9 pi\u00e8ce maitresse pour un look minimal.<br \/>\nAudacieux, L\u00e9ger et moderne il s\u2019impose comme le bijou \u00e0 porter sans mod\u00e9ration\u00a0\u2026En version argent\u00e9 ou dor\u00e9, tr\u00e8s tendance vous pourrez le m\u00e9langer ais\u00e9ment avec vos colliers pr\u00e9f\u00e9r\u00e9s\u00a0pour un stacking r\u00e9ussi \ud83d\ude42<\/p>\n<p style=\"font-weight: 400;\"><em>Le mod\u00e8le porte un\u00a0<\/em><em>Rondo\u00a0de taille M<\/em><\/p>\n<h5><b>ELASTIQUE<\/b><\/h5>\n<ul>\n<li>Nylon + caoutchouc<\/li>\n<\/ul>\n<h5><b>PIECES METALLIQUES\u00a0<\/b><\/h5>\n<ul>\n<li>\n<div class=\"\">Laiton garanti sans nickel dor\u00e9 0,5 micron + vernis protecteur<\/div>\n<\/li>\n<li>\n<div class=\"\">Laiton garanti sans nickel argent\u00e9 10 micron<\/div>\n<\/li>\n<\/ul>\n<p><em>Pr\u00e9sent\u00e9 dans une boite \u00ab\u00a0MANINE\u00a0\u00bb en papier \u00e9co-responsable<\/em><\/p>\n","protected":false},"excerpt":{"rendered":"<p>Le RONDO est un bijou avec des maillons de grande taille qui \u00e9voquent les bijoux des ann\u00e9es 80. Revisit\u00e9, alternant le m\u00e9tal et la couleur, il conserve son c\u00f4t\u00e9 pi\u00e8ce maitresse pour un look minimal. Audacieux, L\u00e9ger et moderne il s\u2019impose comme le bijou \u00e0 porter sans mod\u00e9ration\u00a0\u2026En version argent\u00e9 ou dor\u00e9, tr\u00e8s tendance vous [&hellip;]<\/p>\n","protected":false},"featured_media":14957,"template":"","meta":{"_acf_changed":false,"inline_featured_image":false},"product_brand":[],"product_cat":[25],"product_tag":[],"class_list":{"0":"post-3974","1":"product","2":"type-product","3":"status-publish","4":"has-post-thumbnail","6":"product_cat-collier","7":"pa_collections-archives","8":"pa_collections-rondo","10":"first","11":"instock","12":"sale","13":"taxable","14":"shipping-taxable","15":"purchasable","16":"product-type-variable","17":"has-default-attributes"},"acf":[],"_links":{"self":[{"href":"https:\/\/www.manine-design.com\/site\/wp-json\/wp\/v2\/product\/3974","targetHints":{"allow":["GET"]}}],"collection":[{"href":"https:\/\/www.manine-design.com\/site\/wp-json\/wp\/v2\/product"}],"about":[{"href":"https:\/\/www.manine-design.com\/site\/wp-json\/wp\/v2\/types\/product"}],"wp:featuredmedia":[{"embeddable":true,"href":"https:\/\/www.manine-design.com\/site\/wp-json\/wp\/v2\/media\/14957"}],"wp:attachment":[{"href":"https:\/\/www.manine-design.com\/site\/wp-json\/wp\/v2\/media?parent=3974"}],"wp:term":[{"taxonomy":"product_brand","embeddable":true,"href":"https:\/\/www.manine-design.com\/site\/wp-json\/wp\/v2\/product_brand?post=3974"},{"taxonomy":"product_cat","embeddable":true,"href":"https:\/\/www.manine-design.com\/site\/wp-json\/wp\/v2\/product_cat?post=3974"},{"taxonomy":"product_tag","embeddable":true,"href":"https:\/\/www.manine-design.com\/site\/wp-json\/wp\/v2\/product_tag?post=3974"}],"curies":[{"name":"wp","href":"https:\/\/api.w.org\/{rel}","templated":true}]}}