{"id":4202,"date":"2022-09-20T08:08:09","date_gmt":"2022-09-20T06:08:09","guid":{"rendered":"https:\/\/www.manine-design.com\/?post_type=product&#038;p=4202"},"modified":"2026-04-17T13:01:14","modified_gmt":"2026-04-17T11:01:14","slug":"rondo-bracelet-diams","status":"publish","type":"product","link":"https:\/\/www.manine-design.com\/produit\/rondo-bracelet-diams\/","title":{"rendered":"RONDO Bracelet &#8211; Diam&rsquo;s"},"content":{"rendered":"<p>Tout se qui brille n\u2019est pas de l\u2019or ou des diamants :)\u2026<\/p>\n<p>Pour autant, l\u2019effet est au rendez vous avec un \u00e9lastique recycl\u00e9 dor\u00e9 ,argent\u00e9 et dor\u00e9 ros\u00e9, rehauss\u00e9 de pi\u00e8ces m\u00e9talliques et la petite touche finale, une m\u00e9daille qui arbore le \u00ab M \u00bb\u00a0 de MANINE.<\/p>\n<p>Un bijou terriblement sexy, \u00e0 porter pour une soir\u00e9e chic ou dans un style d\u00e9contract\u00e9 \ud83d\ude42<\/p>\n<p><em><span style=\"font-weight: 400;\">Livr\u00e9 dans une boite \u00ab\u00a0MANINE\u00a0\u00bb en papier recycl\u00e9.<\/span><\/em><\/p>\n<p><b>ELASTIQUE<\/b><\/p>\n<ul>\n<li>Syldorex recycl\u00e9\u00a0 + caoutchouc<\/li>\n<\/ul>\n<h5><b>PIECES METALLIQUES\u00a0<\/b><\/h5>\n<ul>\n<li>Laiton sans nickel, dor\u00e9 0.5 micron + vernis<\/li>\n<li>Laiton sans nickel, argent\u00e9 10 micron<\/li>\n<\/ul>\n<p><em>Livr\u00e9 dans une boite \u00ab\u00a0MANINE\u00a0\u00bb en papier \u00e9co-responsable.<\/em><\/p>\n<h5><em>Conseil pour la taille:\u00a0 Le \u00ab\u00a0M \u00a0\u00bb est la plus vendue<\/em><\/h5>\n","protected":false},"excerpt":{"rendered":"<p>Tout se qui brille n\u2019est pas de l\u2019or ou des diamants :)\u2026 Pour autant, l\u2019effet est au rendez vous avec un \u00e9lastique recycl\u00e9 dor\u00e9 ,argent\u00e9 et dor\u00e9 ros\u00e9, rehauss\u00e9 de pi\u00e8ces m\u00e9talliques et la petite touche finale, une m\u00e9daille qui arbore le \u00ab M \u00bb\u00a0 de MANINE. Un bijou terriblement sexy, \u00e0 porter pour une [&hellip;]<\/p>\n","protected":false},"featured_media":7550,"template":"","meta":{"_acf_changed":false},"product_brand":[],"product_cat":[26],"product_tag":[],"class_list":{"0":"post-4202","1":"product","2":"type-product","3":"status-publish","4":"has-post-thumbnail","6":"product_cat-bracelet","7":"pa_collections-rondo","9":"first","10":"instock","11":"taxable","12":"shipping-taxable","13":"purchasable","14":"product-type-variable","15":"has-default-attributes"},"acf":[],"_links":{"self":[{"href":"https:\/\/www.manine-design.com\/site\/wp-json\/wp\/v2\/product\/4202","targetHints":{"allow":["GET"]}}],"collection":[{"href":"https:\/\/www.manine-design.com\/site\/wp-json\/wp\/v2\/product"}],"about":[{"href":"https:\/\/www.manine-design.com\/site\/wp-json\/wp\/v2\/types\/product"}],"wp:featuredmedia":[{"embeddable":true,"href":"https:\/\/www.manine-design.com\/site\/wp-json\/wp\/v2\/media\/7550"}],"wp:attachment":[{"href":"https:\/\/www.manine-design.com\/site\/wp-json\/wp\/v2\/media?parent=4202"}],"wp:term":[{"taxonomy":"product_brand","embeddable":true,"href":"https:\/\/www.manine-design.com\/site\/wp-json\/wp\/v2\/product_brand?post=4202"},{"taxonomy":"product_cat","embeddable":true,"href":"https:\/\/www.manine-design.com\/site\/wp-json\/wp\/v2\/product_cat?post=4202"},{"taxonomy":"product_tag","embeddable":true,"href":"https:\/\/www.manine-design.com\/site\/wp-json\/wp\/v2\/product_tag?post=4202"}],"curies":[{"name":"wp","href":"https:\/\/api.w.org\/{rel}","templated":true}]}}