{"id":4458,"date":"2022-09-29T05:26:59","date_gmt":"2022-09-29T03:26:59","guid":{"rendered":"https:\/\/www.manine-design.com\/?post_type=product&#038;p=4458"},"modified":"2026-04-17T13:01:09","modified_gmt":"2026-04-17T11:01:09","slug":"rondo-boucles-doreilles","status":"publish","type":"product","link":"https:\/\/www.manine-design.com\/produit\/rondo-boucles-doreilles\/","title":{"rendered":"RONDO Boucles d&rsquo;oreilles"},"content":{"rendered":"<div>Les boucles d\u2019oreilles Rondo MANINE, se r\u00e9v\u00e8lent encore plus quand elles sont port\u00e9es.<\/div>\n<div>Par la couleur elles \u00e9gayent notre visage, par leur l\u00e9g\u00e8ret\u00e9 elles se font oublier, par leur forme elles se font remarquer.<\/div>\n<div>Une fois de plus MANINE a r\u00e9ussi la cr\u00e9ation d\u2019un bijou singulier et dans la simplicit\u00e9.<\/div>\n<div>Vous allez adorer\u2026 \ud83d\ude42<\/div>\n<div><\/div>\n<div>\n<h5><b>ELASTIQUE<\/b><\/h5>\n<ul>\n<li>Nylon + caoutchouc<\/li>\n<\/ul>\n<h5><b>PIECES METALLIQUES\u00a0<\/b><\/h5>\n<ul>\n<li>Laiton sans nickel, dor\u00e9 0.5 micron + vernis<\/li>\n<li>Laiton sans nickel, argent\u00e9 10 micron<\/li>\n<\/ul>\n<p><em><span lang=\"FR\">Livre\u0301<\/span> dans une boite \u00ab\u00a0MANINE\u00a0\u00bb en papier \u00e9co-responsable<\/em><\/p>\n<\/div>\n","protected":false},"excerpt":{"rendered":"<p>Les boucles d\u2019oreilles Rondo MANINE, se r\u00e9v\u00e8lent encore plus quand elles sont port\u00e9es. Par la couleur elles \u00e9gayent notre visage, par leur l\u00e9g\u00e8ret\u00e9 elles se font oublier, par leur forme elles se font remarquer. Une fois de plus MANINE a r\u00e9ussi la cr\u00e9ation d\u2019un bijou singulier et dans la simplicit\u00e9. Vous allez adorer\u2026 \ud83d\ude42 ELASTIQUE [&hellip;]<\/p>\n","protected":false},"featured_media":5761,"template":"","meta":{"_acf_changed":false},"product_brand":[],"product_cat":[115],"product_tag":[],"class_list":{"0":"post-4458","1":"product","2":"type-product","3":"status-publish","4":"has-post-thumbnail","6":"product_cat-boucles-oreilles","7":"pa_collections-rondo","9":"first","10":"instock","11":"taxable","12":"shipping-taxable","13":"purchasable","14":"product-type-variable","15":"has-default-attributes"},"acf":[],"_links":{"self":[{"href":"https:\/\/www.manine-design.com\/site\/wp-json\/wp\/v2\/product\/4458","targetHints":{"allow":["GET"]}}],"collection":[{"href":"https:\/\/www.manine-design.com\/site\/wp-json\/wp\/v2\/product"}],"about":[{"href":"https:\/\/www.manine-design.com\/site\/wp-json\/wp\/v2\/types\/product"}],"wp:featuredmedia":[{"embeddable":true,"href":"https:\/\/www.manine-design.com\/site\/wp-json\/wp\/v2\/media\/5761"}],"wp:attachment":[{"href":"https:\/\/www.manine-design.com\/site\/wp-json\/wp\/v2\/media?parent=4458"}],"wp:term":[{"taxonomy":"product_brand","embeddable":true,"href":"https:\/\/www.manine-design.com\/site\/wp-json\/wp\/v2\/product_brand?post=4458"},{"taxonomy":"product_cat","embeddable":true,"href":"https:\/\/www.manine-design.com\/site\/wp-json\/wp\/v2\/product_cat?post=4458"},{"taxonomy":"product_tag","embeddable":true,"href":"https:\/\/www.manine-design.com\/site\/wp-json\/wp\/v2\/product_tag?post=4458"}],"curies":[{"name":"wp","href":"https:\/\/api.w.org\/{rel}","templated":true}]}}