{"id":5262,"date":"2023-02-10T04:21:16","date_gmt":"2023-02-10T03:21:16","guid":{"rendered":"https:\/\/www.manine-design.com\/?post_type=product&#038;p=5262"},"modified":"2025-12-29T15:04:03","modified_gmt":"2025-12-29T14:04:03","slug":"kito-hop-bracelet-epais","status":"publish","type":"product","link":"https:\/\/www.manine-design.com\/produit\/kito-hop-bracelet-epais\/","title":{"rendered":"HOP Bracelet \u00e9pais &#8211; Kito"},"content":{"rendered":"<p>La collection KITO est une \u00e9vocation au JAPON par son colorama inspir\u00e9 des kimonos.<br \/>\nL\u2019aspect satin\u00e9 de la peinture sur les parties m\u00e9talliques apporte une \u00e9l\u00e9gance suppl\u00e9mentaire au bijou.<\/p>\n<p>Le rendu bicolore, pour certaines des cr\u00e9ations, apporte un c\u00f4t\u00e9 graphique et facilite l\u2019assortiment \u00e0 vos tenues.<\/p>\n<p>Vous pourrez, selon votre envie, porter en solo ou doubler certaines cr\u00e9ations.<br \/>\nLe bijou MANINE est singulier par son \u00e9lasticit\u00e9 (absence de fermoir), sa l\u00e9g\u00e8ret\u00e9 et sa modernit\u00e9.<\/p>\n<p>Un bijou qui fait corps.<\/p>\n<p><b>DESCRIPTIF DU PRODUIT<\/b><\/p>\n<p>\u00c9lastique Nylon + Pi\u00e8ces m\u00e9talliques laiton garanties sans nickel + thermolaquage (tr\u00e8s r\u00e9sistant)\u00a0+ vernis<\/p>\n<p><em>Livr\u00e9 dans un sachet cellophane avec carton de pr\u00e9sentation et instructions d\u2019entretien.<\/em><\/p>\n","protected":false},"excerpt":{"rendered":"<p>La collection KITO est une \u00e9vocation au JAPON par son colorama inspir\u00e9 des kimonos. L\u2019aspect satin\u00e9 de la peinture sur les parties m\u00e9talliques apporte une \u00e9l\u00e9gance suppl\u00e9mentaire au bijou. Le rendu bicolore, pour certaines des cr\u00e9ations, apporte un c\u00f4t\u00e9 graphique et facilite l\u2019assortiment \u00e0 vos tenues. Vous pourrez, selon votre envie, porter en solo ou [&hellip;]<\/p>\n","protected":false},"featured_media":5267,"template":"","meta":{"_acf_changed":false,"inline_featured_image":false},"product_brand":[],"product_cat":[26,101],"product_tag":[],"class_list":{"0":"post-5262","1":"product","2":"type-product","3":"status-publish","4":"has-post-thumbnail","6":"product_cat-bracelet","7":"product_cat-bracelet-epais","8":"pa_collections-hop","10":"first","11":"instock","12":"taxable","13":"shipping-taxable","14":"purchasable","15":"product-type-variable","16":"has-default-attributes"},"acf":[],"_links":{"self":[{"href":"https:\/\/www.manine-design.com\/site\/wp-json\/wp\/v2\/product\/5262","targetHints":{"allow":["GET"]}}],"collection":[{"href":"https:\/\/www.manine-design.com\/site\/wp-json\/wp\/v2\/product"}],"about":[{"href":"https:\/\/www.manine-design.com\/site\/wp-json\/wp\/v2\/types\/product"}],"wp:featuredmedia":[{"embeddable":true,"href":"https:\/\/www.manine-design.com\/site\/wp-json\/wp\/v2\/media\/5267"}],"wp:attachment":[{"href":"https:\/\/www.manine-design.com\/site\/wp-json\/wp\/v2\/media?parent=5262"}],"wp:term":[{"taxonomy":"product_brand","embeddable":true,"href":"https:\/\/www.manine-design.com\/site\/wp-json\/wp\/v2\/product_brand?post=5262"},{"taxonomy":"product_cat","embeddable":true,"href":"https:\/\/www.manine-design.com\/site\/wp-json\/wp\/v2\/product_cat?post=5262"},{"taxonomy":"product_tag","embeddable":true,"href":"https:\/\/www.manine-design.com\/site\/wp-json\/wp\/v2\/product_tag?post=5262"}],"curies":[{"name":"wp","href":"https:\/\/api.w.org\/{rel}","templated":true}]}}