{"id":5362,"date":"2023-02-10T04:22:30","date_gmt":"2023-02-10T03:22:30","guid":{"rendered":"https:\/\/www.manine-design.com\/?post_type=product&#038;p=5362"},"modified":"2026-04-17T13:00:52","modified_gmt":"2026-04-17T11:00:52","slug":"kito-hop-manchettes","status":"publish","type":"product","link":"https:\/\/www.manine-design.com\/produit\/kito-hop-manchettes\/","title":{"rendered":"HOP Manchette &#8211; Kito"},"content":{"rendered":"<p style=\"font-weight: 400;\">La manchette KITO, une petite merveille\u2026<br \/>\nPas de fermoir, elle s\u2019enfile pour \u00e9pouser parfaitement votre poignet.Elle fait l\u2019unanimit\u00e9 aupr\u00e8s des femmes comme des hommes.<\/p>\n<p style=\"font-weight: 400;\">Noir, blanc ou rouge laqu\u00e9 pour leurs finitions sur les parties m\u00e9talliques et des \u00e9lastiques fins aux couleurs \u00e9voquant le Japon.<br \/>\nUn bijou \u00e9l\u00e9gant et singulier qui ne vous laissera pas indiff\u00e9rent \ud83d\ude42<\/p>\n<p>Largeur de la manchette\u00a01,2 cm<\/p>\n<p><em>Le bijou est livr\u00e9 dans la bo\u00eete MANINE en papier recycl\u00e9.<\/em><\/p>\n<p style=\"font-weight: 400;\"><strong>ELASTIQUE<\/strong><\/p>\n<ul style=\"font-weight: 400;\">\n<li>Nylon + caoutchouc (diam\u00e8tre 3 mm)<\/li>\n<\/ul>\n<p style=\"font-weight: 400;\"><strong>PIECES METALLIQUES\u00a0<\/strong><\/p>\n<ul style=\"font-weight: 400;\">\n<li>Laiton sans nickel, peinture thermolaqu\u00e9e (tr\u00e8s r\u00e9sistant)<\/li>\n<\/ul>\n","protected":false},"excerpt":{"rendered":"<p>La manchette KITO, une petite merveille\u2026 Pas de fermoir, elle s\u2019enfile pour \u00e9pouser parfaitement votre poignet.Elle fait l\u2019unanimit\u00e9 aupr\u00e8s des femmes comme des hommes. Noir, blanc ou rouge laqu\u00e9 pour leurs finitions sur les parties m\u00e9talliques et des \u00e9lastiques fins aux couleurs \u00e9voquant le Japon. Un bijou \u00e9l\u00e9gant et singulier qui ne vous laissera pas [&hellip;]<\/p>\n","protected":false},"featured_media":8920,"template":"","meta":{"_acf_changed":false},"product_brand":[],"product_cat":[26,150],"product_tag":[],"class_list":{"0":"post-5362","1":"product","2":"type-product","3":"status-publish","4":"has-post-thumbnail","6":"product_cat-bracelet","7":"product_cat-manchette","8":"pa_collections-hop","10":"first","11":"instock","12":"taxable","13":"shipping-taxable","14":"purchasable","15":"product-type-variable","16":"has-default-attributes"},"acf":[],"_links":{"self":[{"href":"https:\/\/www.manine-design.com\/site\/wp-json\/wp\/v2\/product\/5362","targetHints":{"allow":["GET"]}}],"collection":[{"href":"https:\/\/www.manine-design.com\/site\/wp-json\/wp\/v2\/product"}],"about":[{"href":"https:\/\/www.manine-design.com\/site\/wp-json\/wp\/v2\/types\/product"}],"wp:featuredmedia":[{"embeddable":true,"href":"https:\/\/www.manine-design.com\/site\/wp-json\/wp\/v2\/media\/8920"}],"wp:attachment":[{"href":"https:\/\/www.manine-design.com\/site\/wp-json\/wp\/v2\/media?parent=5362"}],"wp:term":[{"taxonomy":"product_brand","embeddable":true,"href":"https:\/\/www.manine-design.com\/site\/wp-json\/wp\/v2\/product_brand?post=5362"},{"taxonomy":"product_cat","embeddable":true,"href":"https:\/\/www.manine-design.com\/site\/wp-json\/wp\/v2\/product_cat?post=5362"},{"taxonomy":"product_tag","embeddable":true,"href":"https:\/\/www.manine-design.com\/site\/wp-json\/wp\/v2\/product_tag?post=5362"}],"curies":[{"name":"wp","href":"https:\/\/api.w.org\/{rel}","templated":true}]}}