{"id":5992,"date":"2023-10-07T09:31:16","date_gmt":"2023-10-07T07:31:16","guid":{"rendered":"https:\/\/www.manine-design.com\/?post_type=product&#038;p=5992"},"modified":"2026-02-28T12:38:14","modified_gmt":"2026-02-28T11:38:14","slug":"manhattan-boucles-doreilles","status":"publish","type":"product","link":"https:\/\/www.manine-design.com\/produit\/manhattan-boucles-doreilles\/","title":{"rendered":"MANHATTAN Boucles d&rsquo;oreilles"},"content":{"rendered":"<p style=\"font-weight: 400;\">Un bijou \u00e0 l\u2019inspiration urbaine, dans le mouvement\u2026<\/p>\n<p style=\"font-weight: 400;\">\u00c9l\u00e9gant, singulier au design moderne.<\/p>\n<p style=\"font-weight: 400;\">L\u2019\u00e9lastique de couleur qui r\u00e9unit les pi\u00e8ces m\u00e9talliques rend ce bijou polyvalent et adapt\u00e9 \u00e0 \u00eatre port\u00e9 toute l\u2019ann\u00e9e avec un code vestimentaire vari\u00e9.<\/p>\n<p style=\"font-weight: 400;\">Rock ou sport c\u2019est au choix \ud83d\ude42<\/p>\n<p style=\"font-weight: 400;\"><b>DESCRIPTIF DU PRODUIT<\/b><\/p>\n<ul>\n<li style=\"font-weight: 400;\">\u00c9lastiques compos\u00e9s de Nylon et de caoutchouc<\/li>\n<li style=\"font-weight: 400;\">Pi\u00e8ces m\u00e9talliques compos\u00e9s de laiton sans Nickel \u00a0avec plaquage dor\u00e9 0,5 micron + vernis \/ plaquage argent 10 micron<\/li>\n<\/ul>\n<p><em>Livr\u00e9 dans un pochon \u00ab\u00a0MANINE\u00a0\u00bb en coton.<\/em><\/p>\n","protected":false},"excerpt":{"rendered":"<p>Un bijou \u00e0 l\u2019inspiration urbaine, dans le mouvement\u2026 \u00c9l\u00e9gant, singulier au design moderne. L\u2019\u00e9lastique de couleur qui r\u00e9unit les pi\u00e8ces m\u00e9talliques rend ce bijou polyvalent et adapt\u00e9 \u00e0 \u00eatre port\u00e9 toute l\u2019ann\u00e9e avec un code vestimentaire vari\u00e9. Rock ou sport c\u2019est au choix \ud83d\ude42 DESCRIPTIF DU PRODUIT \u00c9lastiques compos\u00e9s de Nylon et de caoutchouc Pi\u00e8ces [&hellip;]<\/p>\n","protected":false},"featured_media":6585,"template":"","meta":{"_acf_changed":false,"inline_featured_image":false},"product_brand":[],"product_cat":[115,100],"product_tag":[],"class_list":{"0":"post-5992","1":"product","2":"type-product","3":"status-publish","4":"has-post-thumbnail","6":"product_cat-boucles-oreilles","7":"product_cat-nouveautes","8":"pa_collections-manhattan","10":"first","11":"instock","12":"taxable","13":"shipping-taxable","14":"purchasable","15":"product-type-variable","16":"has-default-attributes"},"acf":[],"_links":{"self":[{"href":"https:\/\/www.manine-design.com\/site\/wp-json\/wp\/v2\/product\/5992","targetHints":{"allow":["GET"]}}],"collection":[{"href":"https:\/\/www.manine-design.com\/site\/wp-json\/wp\/v2\/product"}],"about":[{"href":"https:\/\/www.manine-design.com\/site\/wp-json\/wp\/v2\/types\/product"}],"wp:featuredmedia":[{"embeddable":true,"href":"https:\/\/www.manine-design.com\/site\/wp-json\/wp\/v2\/media\/6585"}],"wp:attachment":[{"href":"https:\/\/www.manine-design.com\/site\/wp-json\/wp\/v2\/media?parent=5992"}],"wp:term":[{"taxonomy":"product_brand","embeddable":true,"href":"https:\/\/www.manine-design.com\/site\/wp-json\/wp\/v2\/product_brand?post=5992"},{"taxonomy":"product_cat","embeddable":true,"href":"https:\/\/www.manine-design.com\/site\/wp-json\/wp\/v2\/product_cat?post=5992"},{"taxonomy":"product_tag","embeddable":true,"href":"https:\/\/www.manine-design.com\/site\/wp-json\/wp\/v2\/product_tag?post=5992"}],"curies":[{"name":"wp","href":"https:\/\/api.w.org\/{rel}","templated":true}]}}