{"id":5994,"date":"2023-10-07T09:31:18","date_gmt":"2023-10-07T07:31:18","guid":{"rendered":"https:\/\/www.manine-design.com\/produit\/manhattan-collier\/"},"modified":"2025-12-31T09:09:50","modified_gmt":"2025-12-31T08:09:50","slug":"manhattan-collier","status":"publish","type":"product","link":"https:\/\/www.manine-design.com\/produit\/manhattan-collier\/","title":{"rendered":"MANHATTAN Collier"},"content":{"rendered":"<p data-start=\"137\" data-end=\"285\">Un bijou d\u2019inspiration urbaine, pens\u00e9 comme une pi\u00e8ce de caract\u00e8re en perp\u00e9tuel mouvement, \u00e0 l\u2019image de Manhattan et de son \u00e9nergie ininterrompue.<\/p>\n<p data-start=\"287\" data-end=\"679\">\u00c9l\u00e9gant et r\u00e9solument singulier, son design contemporain puise dans les lignes graphiques de la ville, entre verticalit\u00e9 architecturale et rythme new-yorkais. L\u2019\u00e9lastique color\u00e9, propos\u00e9 dans une palette de teintes soigneusement s\u00e9lectionn\u00e9es, relie avec subtilit\u00e9 les \u00e9l\u00e9ments m\u00e9talliques et devient un v\u00e9ritable langage stylistique, offrant \u00e0 chacun la libert\u00e9 d\u2019exprimer sa personnalit\u00e9.<\/p>\n<p data-start=\"681\" data-end=\"988\">Jeu de couleurs, contrastes ma\u00eetris\u00e9s et lignes \u00e9pur\u00e9es conf\u00e8rent \u00e0 ce bijou une identit\u00e9 modulable. Une cr\u00e9ation pens\u00e9e pour traverser les saisons et accompagner les silhouettes les plus affirm\u00e9es, du rock urbain \u00e0 une \u00e9l\u00e9gance sportive contemporaine, inspir\u00e9e par l\u2019esprit libre et audacieux de Manhattan.<\/p>\n<h3 data-start=\"995\" data-end=\"1020\">D\u00e9tails &amp; Composition<\/h3>\n<ul data-start=\"1022\" data-end=\"1267\">\n<li data-start=\"1022\" data-end=\"1090\">\n<p data-start=\"1024\" data-end=\"1090\">\u00c9lastiques en nylon et caoutchouc, d\u00e9clin\u00e9s en plusieurs coloris<\/p>\n<\/li>\n<li data-start=\"1091\" data-end=\"1267\">\n<p data-start=\"1093\" data-end=\"1135\">Pi\u00e8ces m\u00e9talliques en laiton sans nickel<\/p>\n<ul data-start=\"1138\" data-end=\"1267\">\n<li data-start=\"1138\" data-end=\"1215\">\n<p data-start=\"1140\" data-end=\"1215\">Plaquage or fin 24 carats (0,5 micron), prot\u00e9g\u00e9 par un vernis de finition<\/p>\n<\/li>\n<li data-start=\"1218\" data-end=\"1267\">\n<p data-start=\"1220\" data-end=\"1267\">ou plaquage argent haute qualit\u00e9 (10 microns)<\/p>\n<\/li>\n<\/ul>\n<\/li>\n<\/ul>\n<p data-start=\"1269\" data-end=\"1373\">Pr\u00e9sent\u00e9 dans un pochon <strong data-start=\"1293\" data-end=\"1303\">MANINE<\/strong> en coton \u00e9coresponsable, con\u00e7u comme un \u00e9crin \u00e9l\u00e9gant et responsable.<\/p>\n","protected":false},"excerpt":{"rendered":"<p>Un bijou d\u2019inspiration urbaine, pens\u00e9 comme une pi\u00e8ce de caract\u00e8re en perp\u00e9tuel mouvement, \u00e0 l\u2019image de Manhattan et de son \u00e9nergie ininterrompue. \u00c9l\u00e9gant et r\u00e9solument singulier, son design contemporain puise dans les lignes graphiques de la ville, entre verticalit\u00e9 architecturale et rythme new-yorkais. L\u2019\u00e9lastique color\u00e9, propos\u00e9 dans une palette de teintes soigneusement s\u00e9lectionn\u00e9es, relie avec [&hellip;]<\/p>\n","protected":false},"featured_media":15518,"template":"","meta":{"_acf_changed":false,"inline_featured_image":false},"product_brand":[],"product_cat":[25,85,100],"product_tag":[],"class_list":{"0":"post-5994","1":"product","2":"type-product","3":"status-publish","4":"has-post-thumbnail","6":"product_cat-collier","7":"product_cat-collier-epais","8":"product_cat-nouveautes","9":"pa_collections-manhattan","11":"first","12":"instock","13":"taxable","14":"shipping-taxable","15":"purchasable","16":"product-type-variable","17":"has-default-attributes"},"acf":[],"_links":{"self":[{"href":"https:\/\/www.manine-design.com\/site\/wp-json\/wp\/v2\/product\/5994","targetHints":{"allow":["GET"]}}],"collection":[{"href":"https:\/\/www.manine-design.com\/site\/wp-json\/wp\/v2\/product"}],"about":[{"href":"https:\/\/www.manine-design.com\/site\/wp-json\/wp\/v2\/types\/product"}],"wp:featuredmedia":[{"embeddable":true,"href":"https:\/\/www.manine-design.com\/site\/wp-json\/wp\/v2\/media\/15518"}],"wp:attachment":[{"href":"https:\/\/www.manine-design.com\/site\/wp-json\/wp\/v2\/media?parent=5994"}],"wp:term":[{"taxonomy":"product_brand","embeddable":true,"href":"https:\/\/www.manine-design.com\/site\/wp-json\/wp\/v2\/product_brand?post=5994"},{"taxonomy":"product_cat","embeddable":true,"href":"https:\/\/www.manine-design.com\/site\/wp-json\/wp\/v2\/product_cat?post=5994"},{"taxonomy":"product_tag","embeddable":true,"href":"https:\/\/www.manine-design.com\/site\/wp-json\/wp\/v2\/product_tag?post=5994"}],"curies":[{"name":"wp","href":"https:\/\/api.w.org\/{rel}","templated":true}]}}