{"id":6396,"date":"2024-02-14T11:47:48","date_gmt":"2024-02-14T10:47:48","guid":{"rendered":"https:\/\/www.manine-design.com\/?post_type=product&#038;p=6396"},"modified":"2026-04-26T17:22:24","modified_gmt":"2026-04-26T15:22:24","slug":"hop-sautoir-multicolore","status":"publish","type":"product","link":"https:\/\/www.manine-design.com\/produit\/hop-sautoir-multicolore\/","title":{"rendered":"HOP Sautoir &#8211; Multicolore"},"content":{"rendered":"<p data-start=\"123\" data-end=\"500\">Le <strong data-start=\"126\" data-end=\"153\">sautoir HOP multicolore<\/strong>, imagin\u00e9 par la cr\u00e9atrice Catherine Scotto, se compose d\u2019un assortiment de quatre couleurs dans l\u2019air du temps, soigneusement choisies pour leur harmonie et leur vibration.<\/p>\n<p data-start=\"123\" data-end=\"500\">Rehauss\u00e9 de pi\u00e8ces m\u00e9talliques dor\u00e9es ou argent\u00e9es, il accompagne naturellement vos mouvements gr\u00e2ce \u00e0 son montage sur \u00e9lastique, tout au long de la journ\u00e9e.<\/p>\n<p data-start=\"502\" data-end=\"651\">Pens\u00e9 comme un bijou vivant et libre, il sublime toutes les silhouettes, s\u2019adapte \u00e0 chaque tenue et devient rapidement un essentiel du quotidien.<\/p>\n<p data-start=\"653\" data-end=\"760\">\u00c0 doubler, \u00e0 nouer ou \u00e0 accumuler, il se porte au gr\u00e9 des envies et se glisse facilement dans votre valise.<\/p>\n<p data-start=\"762\" data-end=\"840\">Un bijou <strong data-start=\"771\" data-end=\"803\">moderne, color\u00e9 et singulier<\/strong>, fid\u00e8le \u00e0 l\u2019univers de la cr\u00e9atrice.<\/p>\n<p data-start=\"842\" data-end=\"921\">Le sautoir mesure <strong data-start=\"860\" data-end=\"869\">50 cm<\/strong> et se d\u00e9cline en version <strong data-start=\"895\" data-end=\"907\">argent\u00e9e<\/strong> ou <strong data-start=\"911\" data-end=\"920\">dor\u00e9e<\/strong>.<\/p>\n<p data-start=\"835\" data-end=\"861\"><strong data-start=\"839\" data-end=\"861\">D\u00e9tails techniques<\/strong><\/p>\n<p data-start=\"863\" data-end=\"897\"><strong data-start=\"863\" data-end=\"876\">\u00c9LASTIQUE<\/strong><br data-start=\"876\" data-end=\"879\" \/>Nylon + caoutchouc<\/p>\n<p data-start=\"899\" data-end=\"1057\"><strong data-start=\"899\" data-end=\"921\">PI\u00c8CES M\u00c9TALLIQUES<\/strong><br data-start=\"921\" data-end=\"924\" \/>Laiton garanti sans nickel<br data-start=\"950\" data-end=\"953\" \/>\u2022 Dor\u00e9 \u00e0 l\u2019or fin 24 K \u2013 \u00e9paisseur 0,5 micron, avec vernis protecteur<br data-start=\"1022\" data-end=\"1025\" \/>\u2022 Argent\u00e9 \u2013 \u00e9paisseur 10 microns<\/p>\n<p data-start=\"1059\" data-end=\"1130\"><strong data-start=\"1059\" data-end=\"1078\">Conditionnement<\/strong><br data-start=\"1078\" data-end=\"1081\" \/>Livr\u00e9 dans une <strong data-start=\"1096\" data-end=\"1112\">bo\u00eete MANINE<\/strong> en papier recycl\u00e9<\/p>\n","protected":false},"excerpt":{"rendered":"<p>Le sautoir HOP multicolore, imagin\u00e9 par la cr\u00e9atrice Catherine Scotto, se compose d\u2019un assortiment de quatre couleurs dans l\u2019air du temps, soigneusement choisies pour leur harmonie et leur vibration. Rehauss\u00e9 de pi\u00e8ces m\u00e9talliques dor\u00e9es ou argent\u00e9es, il accompagne naturellement vos mouvements gr\u00e2ce \u00e0 son montage sur \u00e9lastique, tout au long de la journ\u00e9e. Pens\u00e9 comme [&hellip;]<\/p>\n","protected":false},"featured_media":15463,"template":"","meta":{"_acf_changed":false},"product_brand":[],"product_cat":[25,100,82],"product_tag":[],"class_list":{"0":"post-6396","1":"product","2":"type-product","3":"status-publish","4":"has-post-thumbnail","6":"product_cat-collier","7":"product_cat-nouveautes","8":"product_cat-sautoir","9":"pa_collections-hop","11":"first","12":"instock","13":"featured","14":"taxable","15":"shipping-taxable","16":"purchasable","17":"product-type-variable","18":"has-default-attributes"},"acf":[],"_links":{"self":[{"href":"https:\/\/www.manine-design.com\/site\/wp-json\/wp\/v2\/product\/6396","targetHints":{"allow":["GET"]}}],"collection":[{"href":"https:\/\/www.manine-design.com\/site\/wp-json\/wp\/v2\/product"}],"about":[{"href":"https:\/\/www.manine-design.com\/site\/wp-json\/wp\/v2\/types\/product"}],"wp:featuredmedia":[{"embeddable":true,"href":"https:\/\/www.manine-design.com\/site\/wp-json\/wp\/v2\/media\/15463"}],"wp:attachment":[{"href":"https:\/\/www.manine-design.com\/site\/wp-json\/wp\/v2\/media?parent=6396"}],"wp:term":[{"taxonomy":"product_brand","embeddable":true,"href":"https:\/\/www.manine-design.com\/site\/wp-json\/wp\/v2\/product_brand?post=6396"},{"taxonomy":"product_cat","embeddable":true,"href":"https:\/\/www.manine-design.com\/site\/wp-json\/wp\/v2\/product_cat?post=6396"},{"taxonomy":"product_tag","embeddable":true,"href":"https:\/\/www.manine-design.com\/site\/wp-json\/wp\/v2\/product_tag?post=6396"}],"curies":[{"name":"wp","href":"https:\/\/api.w.org\/{rel}","templated":true}]}}