{"id":7449,"date":"2024-07-04T13:06:21","date_gmt":"2024-07-04T11:06:21","guid":{"rendered":"https:\/\/www.manine-design.com\/?post_type=product&#038;p=7449"},"modified":"2026-03-07T16:12:22","modified_gmt":"2026-03-07T15:12:22","slug":"hop-bracelet-diams-fin","status":"publish","type":"product","link":"https:\/\/www.manine-design.com\/produit\/hop-bracelet-diams-fin\/","title":{"rendered":"HOP Bracelet &#8211; Diam&rsquo;s fin"},"content":{"rendered":"<p data-start=\"168\" data-end=\"215\">\u2728 <strong data-start=\"170\" data-end=\"211\">Le petit dernier de la version Diam\u2019s<\/strong> \u2728<\/p>\n<p data-start=\"217\" data-end=\"620\">D\u00e9licat, lumineux et r\u00e9solument f\u00e9minin.<br data-start=\"318\" data-end=\"321\" \/>Mont\u00e9 sur un \u00e9lastique en Syldorex recycl\u00e9, il s\u00e9duit par sa finesse, sa l\u00e9g\u00e8ret\u00e9 et sa pr\u00e9sence subtile au poignet. Il accompagne le geste avec douceur et vient naturellement compl\u00e9ter vos bracelets \u00e9pais ou fins, apportant une touche plus sensuelle et raffin\u00e9e \u00e0 vos accumulations.<\/p>\n<p data-start=\"622\" data-end=\"844\">Tr\u00e8s \u00e9l\u00e9gant port\u00e9 seul, il souligne le poignet avec discr\u00e9tion et r\u00e9v\u00e8le une f\u00e9minit\u00e9 d\u00e9licate. En accumulation, il joue avec la lumi\u00e8re et affirme un style plus audacieux, toujours tout en finesse.<\/p>\n<p data-start=\"846\" data-end=\"1019\">Sa m\u00e9daille signature, orn\u00e9e du \u201cM\u201d de MANINE, vient ponctuer le bijou comme un d\u00e9tail pr\u00e9cieux, signature d\u2019un bijou pens\u00e9 pour sublimer chaque femme, au quotidien.<\/p>\n<p data-start=\"1021\" data-end=\"1235\">D\u00e9clin\u00e9 en dor\u00e9, argent\u00e9 ou ros\u00e9, il s\u2019adapte \u00e0 toutes les personnalit\u00e9s et \u00e0 toutes les envies :<br data-start=\"1122\" data-end=\"1125\" \/>minimaliste, solaire, douce ou affirm\u00e9e.<br data-start=\"1165\" data-end=\"1168\" \/>Quel que soit votre style, l\u2019\u00e9l\u00e9gance est toujours au rendez-vous \u2728<\/p>\n<p data-start=\"1237\" data-end=\"1502\">\ud83d\udd14 <strong data-start=\"1240\" data-end=\"1258\">Conseil taille<\/strong><br data-start=\"1258\" data-end=\"1261\" \/>L\u2019\u00e9lastique Syldorex, qui contient du m\u00e9tal, est moins extensible qu\u2019un \u00e9lastique classique.<br data-start=\"1361\" data-end=\"1364\" \/>\ud83d\udc49 Nous vous conseillons de <strong data-start=\"1392\" data-end=\"1424\">choisir une taille au-dessus<\/strong> de celle que vous prenez habituellement, afin de garantir un confort optimal.<\/p>\n<p data-start=\"1504\" data-end=\"1608\">N\u2019attendez plus pour adopter ce <strong data-start=\"1536\" data-end=\"1564\">bijou d\u00e9licat et f\u00e9minin<\/strong>, pens\u00e9 pour vous accompagner chaque jour \ud83d\ude0a<\/p>\n<p data-start=\"1615\" data-end=\"1644\"><strong data-start=\"1619\" data-end=\"1644\">D\u00e9tails &amp; composition<\/strong><\/p>\n<p data-start=\"1646\" data-end=\"1772\"><strong data-start=\"1646\" data-end=\"1659\">\u00c9LASTIQUE<\/strong><br data-start=\"1659\" data-end=\"1662\" \/>Syldorex recycl\u00e9 + caoutchouc<br data-start=\"1691\" data-end=\"1694\" \/>\u2022 Diam\u00e8tre <strong data-start=\"1705\" data-end=\"1715\">2,9 mm<\/strong><br data-start=\"1715\" data-end=\"1718\" \/>\u2022 \u00c9galement disponible en version <strong data-start=\"1752\" data-end=\"1772\">\u00e9paisse : 3,9 mm<\/strong><\/p>\n<p data-start=\"1774\" data-end=\"1920\"><strong data-start=\"1774\" data-end=\"1796\">PI\u00c8CES M\u00c9TALLIQUES<\/strong><br data-start=\"1796\" data-end=\"1799\" \/>Laiton garanti sans nickel<br data-start=\"1825\" data-end=\"1828\" \/>\u2022 Dor\u00e9 \u00e0 l\u2019or fin 24 K \u2013 <strong data-start=\"1853\" data-end=\"1867\">0,5 micron<\/strong>, avec vernis protecteur<br data-start=\"1891\" data-end=\"1894\" \/>\u2022 Argent\u00e9 \u2013 <strong data-start=\"1906\" data-end=\"1920\">10 microns<\/strong><\/p>\n<p data-start=\"1922\" data-end=\"2005\"><strong data-start=\"1922\" data-end=\"1941\">Conditionnement<\/strong><br data-start=\"1941\" data-end=\"1944\" \/>Livr\u00e9 dans une <strong data-start=\"1959\" data-end=\"1975\">bo\u00eete MANINE<\/strong> en papier <strong data-start=\"1986\" data-end=\"2005\">\u00e9co-responsable<\/strong><\/p>\n","protected":false},"excerpt":{"rendered":"<p>\u2728 Le petit dernier de la version Diam\u2019s \u2728 D\u00e9licat, lumineux et r\u00e9solument f\u00e9minin.Mont\u00e9 sur un \u00e9lastique en Syldorex recycl\u00e9, il s\u00e9duit par sa finesse, sa l\u00e9g\u00e8ret\u00e9 et sa pr\u00e9sence subtile au poignet. Il accompagne le geste avec douceur et vient naturellement compl\u00e9ter vos bracelets \u00e9pais ou fins, apportant une touche plus sensuelle et raffin\u00e9e [&hellip;]<\/p>\n","protected":false},"featured_media":15630,"template":"","meta":{"_acf_changed":false},"product_brand":[],"product_cat":[26,83,100],"product_tag":[],"class_list":{"0":"post-7449","1":"product","2":"type-product","3":"status-publish","4":"has-post-thumbnail","6":"product_cat-bracelet","7":"product_cat-bracelet-fin","8":"product_cat-nouveautes","9":"pa_collections-hop","11":"first","12":"instock","13":"taxable","14":"shipping-taxable","15":"purchasable","16":"product-type-variable","17":"has-default-attributes"},"acf":[],"_links":{"self":[{"href":"https:\/\/www.manine-design.com\/site\/wp-json\/wp\/v2\/product\/7449","targetHints":{"allow":["GET"]}}],"collection":[{"href":"https:\/\/www.manine-design.com\/site\/wp-json\/wp\/v2\/product"}],"about":[{"href":"https:\/\/www.manine-design.com\/site\/wp-json\/wp\/v2\/types\/product"}],"wp:featuredmedia":[{"embeddable":true,"href":"https:\/\/www.manine-design.com\/site\/wp-json\/wp\/v2\/media\/15630"}],"wp:attachment":[{"href":"https:\/\/www.manine-design.com\/site\/wp-json\/wp\/v2\/media?parent=7449"}],"wp:term":[{"taxonomy":"product_brand","embeddable":true,"href":"https:\/\/www.manine-design.com\/site\/wp-json\/wp\/v2\/product_brand?post=7449"},{"taxonomy":"product_cat","embeddable":true,"href":"https:\/\/www.manine-design.com\/site\/wp-json\/wp\/v2\/product_cat?post=7449"},{"taxonomy":"product_tag","embeddable":true,"href":"https:\/\/www.manine-design.com\/site\/wp-json\/wp\/v2\/product_tag?post=7449"}],"curies":[{"name":"wp","href":"https:\/\/api.w.org\/{rel}","templated":true}]}}