{"id":8278,"date":"2024-09-10T11:21:53","date_gmt":"2024-09-10T09:21:53","guid":{"rendered":"https:\/\/www.manine-design.com\/?post_type=product&#038;p=8278"},"modified":"2026-04-17T13:00:27","modified_gmt":"2026-04-17T11:00:27","slug":"hop-collier-choker-kito","status":"publish","type":"product","link":"https:\/\/www.manine-design.com\/produit\/hop-collier-choker-kito\/","title":{"rendered":"HOP Collier shoker &#8211; Kito"},"content":{"rendered":"<p>Les shokers sont des colliers courts qui se portent autour du cou, g\u00e9n\u00e9ralement juste au-dessus de la clavicule.<\/p>\n<p>Ce\u00a0 bijou a connu \u00e0 plusieurs vagues de popularit\u00e9, et revient r\u00e9guli\u00e8rement dans les tendances mode.<\/p>\n<p>Le shoker MANINE apporte une\u00a0 ethnique ne laissant pas indiff\u00e9rent\u00a0 \ud83d\ude42<\/p>\n<p>L\u2019aspect satin\u00e9 de la peinture sur les parties m\u00e9talliques apporte une \u00e9l\u00e9gance suppl\u00e9mentaire au bijou.<\/p>\n<p>Le rendu bicolore, apporte un c\u00f4t\u00e9 graphique et facilite l\u2019assortiment \u00e0 vos tenues.<\/p>\n<p>Le bijou MANINE est\u00a0 un bijou singulier par son \u00e9lasticit\u00e9 (absence de fermoir), sa l\u00e9g\u00e8ret\u00e9 et sa modernit\u00e9.<\/p>\n<p>Un bijou qui fait corps.<\/p>\n","protected":false},"excerpt":{"rendered":"<p>Les shokers sont des colliers courts qui se portent autour du cou, g\u00e9n\u00e9ralement juste au-dessus de la clavicule. Ce\u00a0 bijou a connu \u00e0 plusieurs vagues de popularit\u00e9, et revient r\u00e9guli\u00e8rement dans les tendances mode. Le shoker MANINE apporte une\u00a0 ethnique ne laissant pas indiff\u00e9rent\u00a0 \ud83d\ude42 L\u2019aspect satin\u00e9 de la peinture sur les parties m\u00e9talliques apporte [&hellip;]<\/p>\n","protected":false},"featured_media":8900,"template":"","meta":{"_acf_changed":false},"product_brand":[],"product_cat":[25,100,185],"product_tag":[],"class_list":{"0":"post-8278","1":"product","2":"type-product","3":"status-publish","4":"has-post-thumbnail","6":"product_cat-collier","7":"product_cat-nouveautes","8":"product_cat-shoker","9":"pa_collections-hop","11":"first","12":"instock","13":"featured","14":"taxable","15":"shipping-taxable","16":"purchasable","17":"product-type-variable","18":"has-default-attributes"},"acf":[],"_links":{"self":[{"href":"https:\/\/www.manine-design.com\/site\/wp-json\/wp\/v2\/product\/8278","targetHints":{"allow":["GET"]}}],"collection":[{"href":"https:\/\/www.manine-design.com\/site\/wp-json\/wp\/v2\/product"}],"about":[{"href":"https:\/\/www.manine-design.com\/site\/wp-json\/wp\/v2\/types\/product"}],"wp:featuredmedia":[{"embeddable":true,"href":"https:\/\/www.manine-design.com\/site\/wp-json\/wp\/v2\/media\/8900"}],"wp:attachment":[{"href":"https:\/\/www.manine-design.com\/site\/wp-json\/wp\/v2\/media?parent=8278"}],"wp:term":[{"taxonomy":"product_brand","embeddable":true,"href":"https:\/\/www.manine-design.com\/site\/wp-json\/wp\/v2\/product_brand?post=8278"},{"taxonomy":"product_cat","embeddable":true,"href":"https:\/\/www.manine-design.com\/site\/wp-json\/wp\/v2\/product_cat?post=8278"},{"taxonomy":"product_tag","embeddable":true,"href":"https:\/\/www.manine-design.com\/site\/wp-json\/wp\/v2\/product_tag?post=8278"}],"curies":[{"name":"wp","href":"https:\/\/api.w.org\/{rel}","templated":true}]}}