{"id":8961,"date":"2025-02-07T05:14:03","date_gmt":"2025-02-07T04:14:03","guid":{"rendered":"https:\/\/www.manine-design.com\/?post_type=product&#038;p=8961"},"modified":"2025-12-29T15:06:57","modified_gmt":"2025-12-29T14:06:57","slug":"lgm-boucles-doreilles-kito","status":"publish","type":"product","link":"https:\/\/www.manine-design.com\/produit\/lgm-boucles-doreilles-kito\/","title":{"rendered":"LGM Boucles d\u2019oreilles &#8211; Kito"},"content":{"rendered":"<p>D\u00e9couvrez LGM la toute nouvelle collection inspir\u00e9e par les formes architecturales embl\u00e9matiques de La Grande Motte. Chaque pi\u00e8ce fusionne \u00e9l\u00e9gance et originalit\u00e9 pour raconter des histoires visuelles uniques.<\/p>\n<p>Laissez-vous s\u00e9duire par ses formes .<\/p>\n<p>Elles sont tr\u00e8s l\u00e9g\u00e8res et \u00e0 porter en toutes circonstances, transformez votre perception du design contemporain.<\/p>\n<p>Taille 8 cm<\/p>\n<p>Prix conseill\u00e9 en boutique : 65 \u20ac<\/p>\n<h5><b>ELASTIQUE<\/b><\/h5>\n<ul>\n<li>Elastique Nylon\u00a0 + caoutchouc<\/li>\n<\/ul>\n<h5><b>PIECES METALLIQUES\u00a0<\/b><\/h5>\n<ul>\n<li>\u00c9lastique Nylon + Pi\u00e8ces m\u00e9talliques laiton garanties sans nickel + thermolaquage (tr\u00e8s r\u00e9sistant)\u00a0+ vernis<br \/>\nLa taille des sautoirs est d\u2019environ 50 cm.<\/li>\n<\/ul>\n<p><em>Livr\u00e9es\u00a0 avec un pochon \u00ab\u00a0MANINE\u00a0\u00bb en coton \u00e9co-responsable<\/em><\/p>\n","protected":false},"excerpt":{"rendered":"<p>D\u00e9couvrez LGM la toute nouvelle collection inspir\u00e9e par les formes architecturales embl\u00e9matiques de La Grande Motte. Chaque pi\u00e8ce fusionne \u00e9l\u00e9gance et originalit\u00e9 pour raconter des histoires visuelles uniques. Laissez-vous s\u00e9duire par ses formes . Elles sont tr\u00e8s l\u00e9g\u00e8res et \u00e0 porter en toutes circonstances, transformez votre perception du design contemporain. Taille 8 cm Prix conseill\u00e9 [&hellip;]<\/p>\n","protected":false},"featured_media":8975,"template":"","meta":{"_acf_changed":false,"inline_featured_image":false},"product_brand":[],"product_cat":[115,100],"product_tag":[],"class_list":{"0":"post-8961","1":"product","2":"type-product","3":"status-publish","4":"has-post-thumbnail","6":"product_cat-boucles-oreilles","7":"product_cat-nouveautes","8":"pa_collections-la_grande_motte","10":"first","11":"instock","12":"taxable","13":"shipping-taxable","14":"purchasable","15":"product-type-variable"},"acf":[],"_links":{"self":[{"href":"https:\/\/www.manine-design.com\/site\/wp-json\/wp\/v2\/product\/8961","targetHints":{"allow":["GET"]}}],"collection":[{"href":"https:\/\/www.manine-design.com\/site\/wp-json\/wp\/v2\/product"}],"about":[{"href":"https:\/\/www.manine-design.com\/site\/wp-json\/wp\/v2\/types\/product"}],"wp:featuredmedia":[{"embeddable":true,"href":"https:\/\/www.manine-design.com\/site\/wp-json\/wp\/v2\/media\/8975"}],"wp:attachment":[{"href":"https:\/\/www.manine-design.com\/site\/wp-json\/wp\/v2\/media?parent=8961"}],"wp:term":[{"taxonomy":"product_brand","embeddable":true,"href":"https:\/\/www.manine-design.com\/site\/wp-json\/wp\/v2\/product_brand?post=8961"},{"taxonomy":"product_cat","embeddable":true,"href":"https:\/\/www.manine-design.com\/site\/wp-json\/wp\/v2\/product_cat?post=8961"},{"taxonomy":"product_tag","embeddable":true,"href":"https:\/\/www.manine-design.com\/site\/wp-json\/wp\/v2\/product_tag?post=8961"}],"curies":[{"name":"wp","href":"https:\/\/api.w.org\/{rel}","templated":true}]}}