{"id":8962,"date":"2025-02-07T05:14:03","date_gmt":"2025-02-07T04:14:03","guid":{"rendered":"https:\/\/www.manine-design.com\/?post_type=product&#038;p=8962"},"modified":"2026-04-17T13:00:22","modified_gmt":"2026-04-17T11:00:22","slug":"ariane-bague","status":"publish","type":"product","link":"https:\/\/www.manine-design.com\/produit\/ariane-bague\/","title":{"rendered":"ARIANE Bague"},"content":{"rendered":"<p data-start=\"124\" data-end=\"289\">La <strong data-start=\"127\" data-end=\"148\">collection Ariane<\/strong>, l\u2019une des derni\u00e8res cr\u00e9ations sign\u00e9es MANINE, puise son inspiration dans le fil d\u2019Ariane, symbole de lien, de chemin et de libert\u00e9.<\/p>\n<p data-start=\"291\" data-end=\"604\">Cette bague au design corset\u00e9 se pare d\u2019un \u00e9lastique color\u00e9, signature embl\u00e9matique de la maison, qui se prolonge et s\u2019ach\u00e8ve d\u00e9licatement par un embout m\u00e9tallique, comme une ponctuation pr\u00e9cieuse.<br data-start=\"500\" data-end=\"503\" \/>Un d\u00e9tail subtil qui souligne une f\u00e9minit\u00e9 affirm\u00e9e, \u00e0 la fois libre, sensuelle et contemporaine.<\/p>\n<p data-start=\"606\" data-end=\"718\">Propos\u00e9e en <strong data-start=\"618\" data-end=\"645\">deux tailles (54 et 56)<\/strong>, elle \u00e9pouse naturellement la main pour un port\u00e9 confortable et \u00e9vident.<\/p>\n<p data-start=\"725\" data-end=\"753\"><strong data-start=\"729\" data-end=\"753\">Conseils d\u2019entretien<\/strong><\/p>\n<p data-start=\"755\" data-end=\"921\">Votre bague aime \u00eatre choy\u00e9e \u2728<br data-start=\"785\" data-end=\"788\" \/>Pour pr\u00e9server son \u00e9clat et la finesse de son plaquage, \u00e9vitez le contact prolong\u00e9 avec l\u2019eau et retirez-la lors du lavage des mains.<\/p>\n<p data-start=\"928\" data-end=\"954\"><strong data-start=\"932\" data-end=\"954\">D\u00e9tails techniques<\/strong><\/p>\n<p data-start=\"956\" data-end=\"990\"><strong data-start=\"956\" data-end=\"969\">\u00c9LASTIQUE<\/strong><br data-start=\"969\" data-end=\"972\" \/>Nylon + caoutchouc<\/p>\n<p data-start=\"992\" data-end=\"1120\"><strong data-start=\"992\" data-end=\"1014\">PI\u00c8CES M\u00c9TALLIQUES<\/strong><br data-start=\"1014\" data-end=\"1017\" \/>Laiton garanti sans nickel<\/p>\n<p data-start=\"992\" data-end=\"1120\">\u2022 Plaqu\u00e9 3 microns or fin 24 k\u00a0 \u00a0 \u00a0\u2022 Argent\u00e9\u00a0 10 microns<\/p>\n<p data-start=\"1122\" data-end=\"1198\"><strong data-start=\"1122\" data-end=\"1141\">Conditionnement<\/strong><br data-start=\"1141\" data-end=\"1144\" \/>Livr\u00e9e dans une <strong data-start=\"1160\" data-end=\"1198\">bo\u00eete \u00e9crin MANINE \u00e9co-responsable<\/strong><\/p>\n<p>&nbsp;<\/p>\n","protected":false},"excerpt":{"rendered":"<p>La collection Ariane, l\u2019une des derni\u00e8res cr\u00e9ations sign\u00e9es MANINE, puise son inspiration dans le fil d\u2019Ariane, symbole de lien, de chemin et de libert\u00e9. Cette bague au design corset\u00e9 se pare d\u2019un \u00e9lastique color\u00e9, signature embl\u00e9matique de la maison, qui se prolonge et s\u2019ach\u00e8ve d\u00e9licatement par un embout m\u00e9tallique, comme une ponctuation pr\u00e9cieuse.Un d\u00e9tail subtil [&hellip;]<\/p>\n","protected":false},"featured_media":15059,"template":"","meta":{"_acf_changed":false},"product_brand":[],"product_cat":[186,100],"product_tag":[],"class_list":{"0":"post-8962","1":"product","2":"type-product","3":"status-publish","4":"has-post-thumbnail","6":"product_cat-bague","7":"product_cat-nouveautes","8":"pa_collections-ariane","10":"first","11":"instock","12":"taxable","13":"shipping-taxable","14":"purchasable","15":"product-type-variable"},"acf":[],"_links":{"self":[{"href":"https:\/\/www.manine-design.com\/site\/wp-json\/wp\/v2\/product\/8962","targetHints":{"allow":["GET"]}}],"collection":[{"href":"https:\/\/www.manine-design.com\/site\/wp-json\/wp\/v2\/product"}],"about":[{"href":"https:\/\/www.manine-design.com\/site\/wp-json\/wp\/v2\/types\/product"}],"wp:featuredmedia":[{"embeddable":true,"href":"https:\/\/www.manine-design.com\/site\/wp-json\/wp\/v2\/media\/15059"}],"wp:attachment":[{"href":"https:\/\/www.manine-design.com\/site\/wp-json\/wp\/v2\/media?parent=8962"}],"wp:term":[{"taxonomy":"product_brand","embeddable":true,"href":"https:\/\/www.manine-design.com\/site\/wp-json\/wp\/v2\/product_brand?post=8962"},{"taxonomy":"product_cat","embeddable":true,"href":"https:\/\/www.manine-design.com\/site\/wp-json\/wp\/v2\/product_cat?post=8962"},{"taxonomy":"product_tag","embeddable":true,"href":"https:\/\/www.manine-design.com\/site\/wp-json\/wp\/v2\/product_tag?post=8962"}],"curies":[{"name":"wp","href":"https:\/\/api.w.org\/{rel}","templated":true}]}}