{"id":8993,"date":"2025-02-07T05:14:18","date_gmt":"2025-02-07T04:14:18","guid":{"rendered":"https:\/\/www.manine-design.com\/?post_type=product&#038;p=8993"},"modified":"2026-04-17T13:00:20","modified_gmt":"2026-04-17T11:00:20","slug":"lgm-bracelet-kito","status":"publish","type":"product","link":"https:\/\/www.manine-design.com\/produit\/lgm-bracelet-kito\/","title":{"rendered":"LGM Bracelet &#8211; Kito"},"content":{"rendered":"<p>D\u00e9couvrez <strong>LGM<\/strong> la toute nouvelle collection inspir\u00e9e par les formes architecturales embl\u00e9matiques de La Grande Motte. Chaque pi\u00e8ce fusionne \u00e9l\u00e9gance et originalit\u00e9 pour raconter des histoires visuelles uniques.<\/p>\n<p>Laissez-vous s\u00e9duire par ce design innovant d\u2019\u00e9lastique recycl\u00e9 en Syldorex.<\/p>\n<p>Ils sont tr\u00e8s l\u00e9gers et \u00e0 porter en toutes circonstances, transformez votre perception du design contemporain.<\/p>\n<p>Vous souhaitez vous parer, pour une soir\u00e9e exceptionnelle, d&rsquo;un bijou original et super \u00e9l\u00e9gant ? cumulez les trois versions m\u00e9talliques \ud83d\ude42<\/p>\n<p>longueur du sautoir\u00a0 53 cm<\/p>\n<p>Prix conseill\u00e9 : 70 \u20ac<\/p>\n<h5><b>ELASTIQUE<\/b><\/h5>\n<ul>\n<li>Syldorex recycl\u00e9 + caoutchouc<\/li>\n<\/ul>\n<h5><b>PIECES METALLIQUES\u00a0<\/b><\/h5>\n<ul>\n<li>Laiton garanti sans nickel, dor\u00e9 0.5 micron + vernis protecteur<\/li>\n<li>Laiton garanti sans nickel, argent\u00e9 10 micron<\/li>\n<\/ul>\n<p><em>Livr\u00e9es\u00a0 avec un pochon \u00ab\u00a0MANINE\u00a0\u00bb en coton \u00e9co-responsable<\/em><\/p>\n","protected":false},"excerpt":{"rendered":"<p>D\u00e9couvrez LGM la toute nouvelle collection inspir\u00e9e par les formes architecturales embl\u00e9matiques de La Grande Motte. Chaque pi\u00e8ce fusionne \u00e9l\u00e9gance et originalit\u00e9 pour raconter des histoires visuelles uniques. Laissez-vous s\u00e9duire par ce design innovant d\u2019\u00e9lastique recycl\u00e9 en Syldorex. Ils sont tr\u00e8s l\u00e9gers et \u00e0 porter en toutes circonstances, transformez votre perception du design contemporain. Vous [&hellip;]<\/p>\n","protected":false},"featured_media":6405,"template":"","meta":{"_acf_changed":false},"product_brand":[],"product_cat":[26,100],"product_tag":[],"class_list":{"0":"post-8993","1":"product","2":"type-product","3":"status-publish","4":"has-post-thumbnail","6":"product_cat-bracelet","7":"product_cat-nouveautes","8":"pa_collections-la_grande_motte","10":"first","11":"instock","12":"taxable","13":"shipping-taxable","14":"purchasable","15":"product-type-variable"},"acf":[],"_links":{"self":[{"href":"https:\/\/www.manine-design.com\/site\/wp-json\/wp\/v2\/product\/8993","targetHints":{"allow":["GET"]}}],"collection":[{"href":"https:\/\/www.manine-design.com\/site\/wp-json\/wp\/v2\/product"}],"about":[{"href":"https:\/\/www.manine-design.com\/site\/wp-json\/wp\/v2\/types\/product"}],"wp:featuredmedia":[{"embeddable":true,"href":"https:\/\/www.manine-design.com\/site\/wp-json\/wp\/v2\/media\/6405"}],"wp:attachment":[{"href":"https:\/\/www.manine-design.com\/site\/wp-json\/wp\/v2\/media?parent=8993"}],"wp:term":[{"taxonomy":"product_brand","embeddable":true,"href":"https:\/\/www.manine-design.com\/site\/wp-json\/wp\/v2\/product_brand?post=8993"},{"taxonomy":"product_cat","embeddable":true,"href":"https:\/\/www.manine-design.com\/site\/wp-json\/wp\/v2\/product_cat?post=8993"},{"taxonomy":"product_tag","embeddable":true,"href":"https:\/\/www.manine-design.com\/site\/wp-json\/wp\/v2\/product_tag?post=8993"}],"curies":[{"name":"wp","href":"https:\/\/api.w.org\/{rel}","templated":true}]}}