{"id":9143,"date":"2025-02-07T08:04:52","date_gmt":"2025-02-07T07:04:52","guid":{"rendered":"https:\/\/www.manine-design.com\/?post_type=product&#038;p=9143"},"modified":"2026-04-21T10:15:15","modified_gmt":"2026-04-21T08:15:15","slug":"woody-collier","status":"publish","type":"product","link":"https:\/\/www.manine-design.com\/produit\/woody-collier\/","title":{"rendered":"WOODY Collier"},"content":{"rendered":"<h3 data-start=\"148\" data-end=\"172\"><strong data-start=\"152\" data-end=\"172\">Collection WOODY<\/strong><\/h3>\n<p data-start=\"174\" data-end=\"262\">Notre derni\u00e8re p\u00e9pite tendance \u2728<br data-start=\"206\" data-end=\"209\" \/>Du bois, de la couleur\u2026 et toujours <strong data-start=\"245\" data-end=\"261\">sans fermoir<\/strong>.<\/p>\n<p data-start=\"264\" data-end=\"456\">Fid\u00e8le \u00e0 l\u2019identit\u00e9 MANINE, WOODY associe la chaleur du bois \u00e0 la modernit\u00e9 de l\u2019\u00e9lastique color\u00e9. Les perles apportent rythme et l\u00e9g\u00e8ret\u00e9, pour un bijou \u00e0 la fois naturel et contemporain.<\/p>\n<p data-start=\"458\" data-end=\"578\">Composez votre WOODY unique en choisissant la couleur de l\u2019\u00e9lastique et des perles : les combinaisons sont infinies.<\/p>\n<p data-start=\"580\" data-end=\"801\">Disponible en <strong data-start=\"594\" data-end=\"607\">5 tailles<\/strong>, il se pr\u00eate merveilleusement au jeu des accumulations :<br data-start=\"664\" data-end=\"667\" \/>un S \u00e9pouse parfaitement un L, un M accompagne un XL\u2026<br data-start=\"720\" data-end=\"723\" \/>Le format <strong data-start=\"733\" data-end=\"740\">XXL<\/strong>, port\u00e9 en sautoir, apporte une touche audacieuse et d\u00e9cal\u00e9e.<\/p>\n<p data-start=\"803\" data-end=\"836\">Alors\u2026 quel sera votre WOODY ? \ud83d\ude09<\/p>\n<p><strong data-start=\"758\" data-end=\"769\">D\u00e9tails :<\/strong><\/p>\n<p data-start=\"771\" data-end=\"823\"><strong data-start=\"771\" data-end=\"786\">\u00c9lastique :<\/strong><br data-start=\"786\" data-end=\"789\" \/>Nylon + caoutchouc (diam\u00e8tre 3 mm)<\/p>\n<p data-start=\"825\" data-end=\"851\"><strong data-start=\"825\" data-end=\"849\">Pi\u00e8ces m\u00e9talliques :<\/strong><\/p>\n<ul data-start=\"852\" data-end=\"1003\">\n<li data-start=\"852\" data-end=\"940\">\n<p data-start=\"854\" data-end=\"940\">Laiton garanti sans nickel, plaquage\u00a0<strong data-start=\"891\" data-end=\"915\">or 24 K &#8211; 0,5 micron<\/strong> avec vernis protecteur<\/p>\n<\/li>\n<\/ul>\n<p><strong data-start=\"997\" data-end=\"1012\">Fabrication:<\/strong><\/p>\n<p data-start=\"1014\" data-end=\"1056\">Cr\u00e9\u00e9 et fabriqu\u00e9 dans le Sud de la France.<\/p>\n<p data-start=\"1058\" data-end=\"1130\">Chaque bijou est livr\u00e9 dans sa jolie bo\u00eete <strong data-start=\"1101\" data-end=\"1111\">MANINE<\/strong> en carton recycl\u00e9.<\/p>\n","protected":false},"excerpt":{"rendered":"<p>Collection WOODY Notre derni\u00e8re p\u00e9pite tendance \u2728Du bois, de la couleur\u2026 et toujours sans fermoir. Fid\u00e8le \u00e0 l\u2019identit\u00e9 MANINE, WOODY associe la chaleur du bois \u00e0 la modernit\u00e9 de l\u2019\u00e9lastique color\u00e9. Les perles apportent rythme et l\u00e9g\u00e8ret\u00e9, pour un bijou \u00e0 la fois naturel et contemporain. Composez votre WOODY unique en choisissant la couleur de [&hellip;]<\/p>\n","protected":false},"featured_media":15831,"template":"","meta":{"_acf_changed":false},"product_brand":[],"product_cat":[25],"product_tag":[],"class_list":{"0":"post-9143","1":"product","2":"type-product","3":"status-publish","4":"has-post-thumbnail","6":"product_cat-collier","7":"pa_collections-woody","9":"first","10":"instock","11":"taxable","12":"shipping-taxable","13":"purchasable","14":"product-type-variable"},"acf":[],"_links":{"self":[{"href":"https:\/\/www.manine-design.com\/site\/wp-json\/wp\/v2\/product\/9143","targetHints":{"allow":["GET"]}}],"collection":[{"href":"https:\/\/www.manine-design.com\/site\/wp-json\/wp\/v2\/product"}],"about":[{"href":"https:\/\/www.manine-design.com\/site\/wp-json\/wp\/v2\/types\/product"}],"wp:featuredmedia":[{"embeddable":true,"href":"https:\/\/www.manine-design.com\/site\/wp-json\/wp\/v2\/media\/15831"}],"wp:attachment":[{"href":"https:\/\/www.manine-design.com\/site\/wp-json\/wp\/v2\/media?parent=9143"}],"wp:term":[{"taxonomy":"product_brand","embeddable":true,"href":"https:\/\/www.manine-design.com\/site\/wp-json\/wp\/v2\/product_brand?post=9143"},{"taxonomy":"product_cat","embeddable":true,"href":"https:\/\/www.manine-design.com\/site\/wp-json\/wp\/v2\/product_cat?post=9143"},{"taxonomy":"product_tag","embeddable":true,"href":"https:\/\/www.manine-design.com\/site\/wp-json\/wp\/v2\/product_tag?post=9143"}],"curies":[{"name":"wp","href":"https:\/\/api.w.org\/{rel}","templated":true}]}}